{"id":5297,"date":"2018-03-20T10:55:04","date_gmt":"2018-03-20T10:55:04","guid":{"rendered":"https:\/\/www.samu.fi\/besvarsnamnden\/"},"modified":"2022-01-25T12:25:17","modified_gmt":"2022-01-25T12:25:17","slug":"besvarsnamnden","status":"publish","type":"page","link":"https:\/\/www.samu.fi\/sv\/besvarsnamnden\/","title":{"rendered":"Besv\u00e4rsn\u00e4mnden"},"content":{"rendered":"<h3><strong>Besv\u00e4rsn\u00e4mnden<\/strong><\/h3>\n<p>Besv\u00e4rsn\u00e4mnden f\u00f6r social trygghet \u00e4r en lagstadgad sj\u00e4lvst\u00e4ndig och oberoende besv\u00e4rsinstans som kan j\u00e4mf\u00f6ras med en specialdomstol i socialf\u00f6rs\u00e4krings\u00e4renden. Best\u00e4mmelser om n\u00e4mndens verksamhet finns i lagen om besv\u00e4rsn\u00e4mnden f\u00f6r social trygghet. Besv\u00e4rsn\u00e4mnden f\u00f6r social trygghet verkar inom Social- och h\u00e4lsov\u00e5rdsministeriets f\u00f6rvaltningsomr\u00e5de och ing\u00e5r \u00e5rligen ett resultatavtal med ministeriet.<\/p>\n<p>Besv\u00e4rsn\u00e4mnden f\u00f6r social trygghet \u00e4r f\u00f6rsta besv\u00e4rsinstans i utkomstskydds\u00e4renden som g\u00e4ller social trygghet och utkomstskydd f\u00f6r arbetsl\u00f6sa i enlighet med vad som f\u00f6reskrivs s\u00e4rskilt i f\u00f6rm\u00e5nslagarna i fr\u00e5ga. \u00c4ndring i besv\u00e4rsn\u00e4mndens beslut f\u00e5r s\u00f6kas hos f\u00f6rs\u00e4kringsdomstolen, som \u00e4r h\u00f6gsta r\u00e4ttsinstans i socialf\u00f6rs\u00e4krings\u00e4renden.<\/p>\n    <!-- sktbuilder starter --><script type=\"text\/javascript\" src=\"https:\/\/www.samu.fi\/wp-content\/plugins\/skt-builder\/sktbuilder\/sktbuilder-frontend-starter.js\"><\/script><script type=\"text\/javascript\" src=\"https:\/\/www.samu.fi\/wp-content\/plugins\/skt-builder\/sktbuilder-wordpress-driver.js\"><\/script><script type=\"text\/javascript\"> var starter = new SktbuilderStarter({\"mode\": \"prod\", \"skip\":[\"jquery\",\"underscore\",\"backbone\"],\"sktbuilderUrl\": \"https:\/\/www.samu.fi\/wp-content\/plugins\/skt-builder\/sktbuilder\/\", \"driver\": new SktbuilderWordpressDriver({\"ajaxUrl\": \"https:\/\/www.samu.fi\/wp-admin\/admin-ajax.php\", \"iframeUrl\": \"https:\/\/www.samu.fi\/sv\/besvarsnamnden\/?sktbuilder=true\", \"pageId\": 5297, \"pages\": [{\"title\":\"Ajankohtaista\",\"url\":\"https:\\\/\\\/www.samu.fi\\\/wp-admin\\\/post.php?post=283&action=sktbuilder\"},{\"title\":\"Etusivu\",\"url\":\"https:\\\/\\\/www.samu.fi\\\/wp-admin\\\/post.php?post=3881&action=sktbuilder\"},{\"title\":\"Muutoksenhakijalle\",\"url\":\"https:\\\/\\\/www.samu.fi\\\/wp-admin\\\/post.php?post=6056&action=sktbuilder\"}], \"page\": \"Besv\u00e4rsn\u00e4mnden\" }) });<\/script><!-- end sktbuilder starter -->","protected":false},"excerpt":{"rendered":"<p>Besv\u00e4rsn\u00e4mnden Besv\u00e4rsn\u00e4mnden f\u00f6r social trygghet \u00e4r en lagstadgad sj\u00e4lvst\u00e4ndig och oberoende besv\u00e4rsinstans som kan j\u00e4mf\u00f6ras med en specialdomstol i socialf\u00f6rs\u00e4krings\u00e4renden. Best\u00e4mmelser om n\u00e4mndens verksamhet finns i lagen om besv\u00e4rsn\u00e4mnden f\u00f6r social trygghet. Besv\u00e4rsn\u00e4mnden f\u00f6r social trygghet verkar inom Social- och h\u00e4lsov\u00e5rdsministeriets f\u00f6rvaltningsomr\u00e5de och ing\u00e5r \u00e5rligen ett resultatavtal med ministeriet. Besv\u00e4rsn\u00e4mnden f\u00f6r social trygghet \u00e4r f\u00f6rsta&hellip; <a class=\"continue\" href=\"https:\/\/www.samu.fi\/sv\/besvarsnamnden\/\">Lue lis\u00e4\u00e4<span> Besv\u00e4rsn\u00e4mnden<\/span><\/a><\/p>\n","protected":false},"author":1,"featured_media":0,"parent":0,"menu_order":1,"comment_status":"closed","ping_status":"closed","template":"templates\/page-fullwidth_template.php","meta":{"footnotes":""},"class_list":["post-5297","page","type-page","status-publish","hentry"],"_links":{"self":[{"href":"https:\/\/www.samu.fi\/sv\/wp-json\/wp\/v2\/pages\/5297","targetHints":{"allow":["GET"]}}],"collection":[{"href":"https:\/\/www.samu.fi\/sv\/wp-json\/wp\/v2\/pages"}],"about":[{"href":"https:\/\/www.samu.fi\/sv\/wp-json\/wp\/v2\/types\/page"}],"author":[{"embeddable":true,"href":"https:\/\/www.samu.fi\/sv\/wp-json\/wp\/v2\/users\/1"}],"replies":[{"embeddable":true,"href":"https:\/\/www.samu.fi\/sv\/wp-json\/wp\/v2\/comments?post=5297"}],"version-history":[{"count":1,"href":"https:\/\/www.samu.fi\/sv\/wp-json\/wp\/v2\/pages\/5297\/revisions"}],"predecessor-version":[{"id":6128,"href":"https:\/\/www.samu.fi\/sv\/wp-json\/wp\/v2\/pages\/5297\/revisions\/6128"}],"wp:attachment":[{"href":"https:\/\/www.samu.fi\/sv\/wp-json\/wp\/v2\/media?parent=5297"}],"curies":[{"name":"wp","href":"https:\/\/api.w.org\/{rel}","templated":true}]}}