{"id":5298,"date":"2018-03-20T10:58:53","date_gmt":"2018-03-20T10:58:53","guid":{"rendered":"https:\/\/www.samu.fi\/rattsfall\/"},"modified":"2018-03-20T10:58:53","modified_gmt":"2018-03-20T10:58:53","slug":"rattsfall","status":"publish","type":"page","link":"https:\/\/www.samu.fi\/sv\/rattsfall\/","title":{"rendered":"R\u00e4ttsfall"},"content":{"rendered":"<h3>R\u00e4ttsfall<\/h3>\n<p>I databasen \u00f6ver avg\u00f6randen som besv\u00e4rsn\u00e4mnden f\u00f6r social trygghet har tr\u00e4ffat kan du s\u00f6ka avg\u00f6randen som n\u00e4mnden meddelat. Databasen b\u00f6rjade uppdateras 1.9.2008.<\/p>\n<p><a href=\"http:\/\/www.samu.fi\/ratkaisut_somla\" target=\"_blank\" rel=\"noopener\"><u>G\u00e5 till besv\u00e4rsn\u00e4mnden f\u00f6r social trygghets databas<\/u><\/a><\/p>\n<p>I den databas som f\u00f6rvaltades av den tidigare separata besv\u00e4rsn\u00e4mnden f\u00f6r utkomstskydds\u00e4renden (TTLK) har avg\u00f6randen om utkomstskydd f\u00f6r arbetsl\u00f6sa och l\u00f6negaranti samlats.<\/p>\n<p><a href=\"http:\/\/www.samu.fi\/ratkaisut_ttlk\" target=\"_blank\" rel=\"noopener\"><u>G\u00e5 till besv\u00e4rsn\u00e4mnden f\u00f6r utkomstskydds\u00e4rendens databas<\/u><\/a><\/p>\n<p>&nbsp;<\/p>\n<p>&nbsp;<\/p>\n    <!-- sktbuilder starter --><script type=\"text\/javascript\" src=\"https:\/\/www.samu.fi\/wp-content\/plugins\/skt-builder\/sktbuilder\/sktbuilder-frontend-starter.js\"><\/script><script type=\"text\/javascript\" src=\"https:\/\/www.samu.fi\/wp-content\/plugins\/skt-builder\/sktbuilder-wordpress-driver.js\"><\/script><script type=\"text\/javascript\"> var starter = new SktbuilderStarter({\"mode\": \"prod\", \"skip\":[\"jquery\",\"underscore\",\"backbone\"],\"sktbuilderUrl\": \"https:\/\/www.samu.fi\/wp-content\/plugins\/skt-builder\/sktbuilder\/\", \"driver\": new SktbuilderWordpressDriver({\"ajaxUrl\": \"https:\/\/www.samu.fi\/wp-admin\/admin-ajax.php\", \"iframeUrl\": \"https:\/\/www.samu.fi\/sv\/rattsfall\/?sktbuilder=true\", \"pageId\": 5298, \"pages\": [{\"title\":\"Ajankohtaista\",\"url\":\"https:\\\/\\\/www.samu.fi\\\/wp-admin\\\/post.php?post=283&action=sktbuilder\"},{\"title\":\"Etusivu\",\"url\":\"https:\\\/\\\/www.samu.fi\\\/wp-admin\\\/post.php?post=3881&action=sktbuilder\"},{\"title\":\"Muutoksenhakijalle\",\"url\":\"https:\\\/\\\/www.samu.fi\\\/wp-admin\\\/post.php?post=6056&action=sktbuilder\"}], \"page\": \"R\u00e4ttsfall\" }) });<\/script><!-- end sktbuilder starter -->","protected":false},"excerpt":{"rendered":"<p>R\u00e4ttsfall I databasen \u00f6ver avg\u00f6randen som besv\u00e4rsn\u00e4mnden f\u00f6r social trygghet har tr\u00e4ffat kan du s\u00f6ka avg\u00f6randen som n\u00e4mnden meddelat. Databasen b\u00f6rjade uppdateras 1.9.2008. G\u00e5 till besv\u00e4rsn\u00e4mnden f\u00f6r social trygghets databas I den databas som f\u00f6rvaltades av den tidigare separata besv\u00e4rsn\u00e4mnden f\u00f6r utkomstskydds\u00e4renden (TTLK) har avg\u00f6randen om utkomstskydd f\u00f6r arbetsl\u00f6sa och l\u00f6negaranti samlats. G\u00e5 till besv\u00e4rsn\u00e4mnden&hellip; <a class=\"continue\" href=\"https:\/\/www.samu.fi\/sv\/rattsfall\/\">Lue lis\u00e4\u00e4<span> R\u00e4ttsfall<\/span><\/a><\/p>\n","protected":false},"author":1,"featured_media":0,"parent":0,"menu_order":3,"comment_status":"closed","ping_status":"closed","template":"templates\/page-fullwidth_template.php","meta":{"footnotes":""},"class_list":["post-5298","page","type-page","status-publish","hentry"],"_links":{"self":[{"href":"https:\/\/www.samu.fi\/sv\/wp-json\/wp\/v2\/pages\/5298","targetHints":{"allow":["GET"]}}],"collection":[{"href":"https:\/\/www.samu.fi\/sv\/wp-json\/wp\/v2\/pages"}],"about":[{"href":"https:\/\/www.samu.fi\/sv\/wp-json\/wp\/v2\/types\/page"}],"author":[{"embeddable":true,"href":"https:\/\/www.samu.fi\/sv\/wp-json\/wp\/v2\/users\/1"}],"replies":[{"embeddable":true,"href":"https:\/\/www.samu.fi\/sv\/wp-json\/wp\/v2\/comments?post=5298"}],"version-history":[{"count":0,"href":"https:\/\/www.samu.fi\/sv\/wp-json\/wp\/v2\/pages\/5298\/revisions"}],"wp:attachment":[{"href":"https:\/\/www.samu.fi\/sv\/wp-json\/wp\/v2\/media?parent=5298"}],"curies":[{"name":"wp","href":"https:\/\/api.w.org\/{rel}","templated":true}]}}