{"id":5299,"date":"2018-03-20T11:05:34","date_gmt":"2018-03-20T11:05:34","guid":{"rendered":"https:\/\/www.samu.fi\/besvarsnamnden\/arenden-som-behandlas\/"},"modified":"2026-01-14T11:55:28","modified_gmt":"2026-01-14T09:55:28","slug":"arenden-som-behandlas","status":"publish","type":"page","link":"https:\/\/www.samu.fi\/sv\/besvarsnamnden\/arenden-som-behandlas\/","title":{"rendered":"\u00c4renden som behandlas"},"content":{"rendered":"<h3>\u00c4renden som behandlas<\/h3>\n<p>Besv\u00e4rsn\u00e4mnden f\u00f6r social trygghet \u00e4r f\u00f6rsta besv\u00e4rsinstans n\u00e4r besv\u00e4r anf\u00f6rs \u00f6ver beslut som fattats av Folkpensionsanstalten, arbetsplatskassan, arbetsl\u00f6shetskassan, arbets- och n\u00e4ringsbyr\u00e5n, n\u00e4rings-, trafik- och milj\u00f6centralen och Syssels\u00e4ttningsfonden (myndigheter och organ som fattar beslut i f\u00f6rsta instans), n\u00e4r besluten g\u00e4ller f\u00f6ljande f\u00f6rm\u00e5ner:<\/p>\n<p>F\u00f6rm\u00e5ner f\u00f6r barnfamiljer<\/p>\n<ul>\n<li>Barnav\u00e5rdsst\u00f6d<\/li>\n<li>Underh\u00e5llsst\u00f6d<\/li>\n<li>Specialv\u00e5rdspenning<\/li>\n<li>Familjepension<\/li>\n<li>Moderskapsunderst\u00f6d<\/li>\n<li>F\u00f6r\u00e4ldradagpenning<\/li>\n<li>Barnbidrag<\/li>\n<li>S\u00e4rskild moderskapspenning<\/li>\n<\/ul>\n<p>Sjukf\u00f6rs\u00e4kring<\/p>\n<ul>\n<li>Sjukdagpenning<\/li>\n<li>Partiell sjukdagpenning<\/li>\n<li>L\u00e4kemedelsers\u00e4ttning<\/li>\n<li>Ers\u00e4ttning f\u00f6r resekostnader<\/li>\n<li>Ers\u00e4ttning f\u00f6r v\u00e5rd och unders\u00f6kningar<\/li>\n<li>R\u00e4tt till v\u00e5rdf\u00f6rm\u00e5ner<\/li>\n<\/ul>\n<p>Rehabilitering<\/p>\n<ul>\n<li>Rehabilitering<\/li>\n<li>Rehabiliteringspenning<\/li>\n<li>Rehabiliterande psykoterapi<\/li>\n<\/ul>\n<p>Ers\u00e4ttning f\u00f6r kostnader f\u00f6r f\u00f6retagsh\u00e4lsov\u00e5rd<\/p>\n<p>Handikappbidrag<\/p>\n<ul>\n<li>V\u00e5rdbidrag f\u00f6r pensionstagare<\/li>\n<li>Handikappbidrag f\u00f6r personer under 16 \u00e5r<\/li>\n<li>Handikappbidrag f\u00f6r personer \u00f6ver 16 \u00e5r<\/li>\n<\/ul>\n<p>Utkomstskydd f\u00f6r arbetsl\u00f6sa och d\u00e4rmed j\u00e4mf\u00f6rbara \u00e4renden<\/p>\n<ul>\n<li>Inkomstrelaterad dagpenning<\/li>\n<li>Grunddagpenning<\/li>\n<li>Arbetsmarknadsst\u00f6d<\/li>\n<li>Alterneringsers\u00e4ttning<\/li>\n<li>Medlemskap i arbetsl\u00f6shetskassan<\/li>\n<li>Kostnadsers\u00e4ttning till arbetss\u00f6kande<\/li>\n<li>Vuxenutbildningsst\u00f6d<\/li>\n<li>Yrkesexamensstipendium<\/li>\n<li>L\u00f6negaranti<\/li>\n<li>Arbetsgivarens sj\u00e4lvriskpremie enligt utkomstskyddet f\u00f6r arbetsl\u00f6sa<\/li>\n<li>Uppb\u00f6rd av arbetsl\u00f6shetsf\u00f6rs\u00e4kringspremier<\/li>\n<\/ul>\n<p>Pensionsskydd<\/p>\n<ul>\n<li>Sjukpension<\/li>\n<li>Folkpension<\/li>\n<li>Garantipension<\/li>\n<li>Bostadsbidrag f\u00f6r pensionstagare<\/li>\n<\/ul>\n<p>Studerandes f\u00f6rm\u00e5ner<\/p>\n<ul>\n<li>studiest\u00f6d<\/li>\n<li>skolresest\u00f6d<\/li>\n<li>r\u00e4nteunderst\u00f6d<\/li>\n<li>studiel\u00e5nsavdrag och studiel\u00e5nskompensation<\/li>\n<\/ul>\n<p>Annan social trygghet som FPA administrerar<\/p>\n<ul>\n<li>Allm\u00e4nt bostadsbidrag<\/li>\n<li>Tecknande av f\u00f6rs\u00e4kring<\/li>\n<li>Ers\u00e4ttning f\u00f6r semesterkostnader<\/li>\n<li>Milit\u00e4runderst\u00f6d<\/li>\n<li>Tolkningstj\u00e4nst<\/li>\n<\/ul>\n<p>Vidare behandlar besv\u00e4rsn\u00e4mnden f\u00f6r social trygghet ans\u00f6kningar om undanr\u00f6jande av lagakraftvunna beslut som g\u00e4ller ovann\u00e4mnda \u00e4renden.<\/p>\n<p>Vid avg\u00f6randet av \u00e4renden i besv\u00e4rsn\u00e4mnden f\u00f6r social trygghet iakttas i till\u00e4mpliga delar lagen om r\u00e4tteg\u00e5ng i f\u00f6rvaltnings\u00e4renden och olika f\u00f6rm\u00e5nslagar samt s\u00e5dana best\u00e4mmelser och f\u00f6reskrifter p\u00e5 l\u00e4gre niv\u00e5 som har utf\u00e4rdats med st\u00f6d av dem.<\/p>\n    <!-- sktbuilder starter --><script type=\"text\/javascript\" src=\"https:\/\/www.samu.fi\/wp-content\/plugins\/skt-builder\/sktbuilder\/sktbuilder-frontend-starter.js\"><\/script><script type=\"text\/javascript\" src=\"https:\/\/www.samu.fi\/wp-content\/plugins\/skt-builder\/sktbuilder-wordpress-driver.js\"><\/script><script type=\"text\/javascript\"> var starter = new SktbuilderStarter({\"mode\": \"prod\", \"skip\":[\"jquery\",\"underscore\",\"backbone\"],\"sktbuilderUrl\": \"https:\/\/www.samu.fi\/wp-content\/plugins\/skt-builder\/sktbuilder\/\", \"driver\": new SktbuilderWordpressDriver({\"ajaxUrl\": \"https:\/\/www.samu.fi\/wp-admin\/admin-ajax.php\", \"iframeUrl\": \"https:\/\/www.samu.fi\/sv\/besvarsnamnden\/arenden-som-behandlas\/?sktbuilder=true\", \"pageId\": 5299, \"pages\": [{\"title\":\"Ajankohtaista\",\"url\":\"https:\\\/\\\/www.samu.fi\\\/wp-admin\\\/post.php?post=283&action=sktbuilder\"},{\"title\":\"Etusivu\",\"url\":\"https:\\\/\\\/www.samu.fi\\\/wp-admin\\\/post.php?post=3881&action=sktbuilder\"},{\"title\":\"Muutoksenhakijalle\",\"url\":\"https:\\\/\\\/www.samu.fi\\\/wp-admin\\\/post.php?post=6056&action=sktbuilder\"}], \"page\": \"\u00c4renden som behandlas\" }) });<\/script><!-- end sktbuilder starter -->","protected":false},"excerpt":{"rendered":"<p>\u00c4renden som behandlas Besv\u00e4rsn\u00e4mnden f\u00f6r social trygghet \u00e4r f\u00f6rsta besv\u00e4rsinstans n\u00e4r besv\u00e4r anf\u00f6rs \u00f6ver beslut som fattats av Folkpensionsanstalten, arbetsplatskassan, arbetsl\u00f6shetskassan, arbets- och n\u00e4ringsbyr\u00e5n, n\u00e4rings-, trafik- och milj\u00f6centralen och Syssels\u00e4ttningsfonden (myndigheter och organ som fattar beslut i f\u00f6rsta instans), n\u00e4r besluten g\u00e4ller f\u00f6ljande f\u00f6rm\u00e5ner: F\u00f6rm\u00e5ner f\u00f6r barnfamiljer Barnav\u00e5rdsst\u00f6d Underh\u00e5llsst\u00f6d Specialv\u00e5rdspenning Familjepension Moderskapsunderst\u00f6d F\u00f6r\u00e4ldradagpenning Barnbidrag S\u00e4rskild&hellip; <a class=\"continue\" href=\"https:\/\/www.samu.fi\/sv\/besvarsnamnden\/arenden-som-behandlas\/\">Lue lis\u00e4\u00e4<span> \u00c4renden som behandlas<\/span><\/a><\/p>\n","protected":false},"author":1,"featured_media":0,"parent":5297,"menu_order":0,"comment_status":"closed","ping_status":"closed","template":"templates\/page-fullwidth_template.php","meta":{"footnotes":""},"class_list":["post-5299","page","type-page","status-publish","hentry"],"_links":{"self":[{"href":"https:\/\/www.samu.fi\/sv\/wp-json\/wp\/v2\/pages\/5299","targetHints":{"allow":["GET"]}}],"collection":[{"href":"https:\/\/www.samu.fi\/sv\/wp-json\/wp\/v2\/pages"}],"about":[{"href":"https:\/\/www.samu.fi\/sv\/wp-json\/wp\/v2\/types\/page"}],"author":[{"embeddable":true,"href":"https:\/\/www.samu.fi\/sv\/wp-json\/wp\/v2\/users\/1"}],"replies":[{"embeddable":true,"href":"https:\/\/www.samu.fi\/sv\/wp-json\/wp\/v2\/comments?post=5299"}],"version-history":[{"count":3,"href":"https:\/\/www.samu.fi\/sv\/wp-json\/wp\/v2\/pages\/5299\/revisions"}],"predecessor-version":[{"id":8934,"href":"https:\/\/www.samu.fi\/sv\/wp-json\/wp\/v2\/pages\/5299\/revisions\/8934"}],"up":[{"embeddable":true,"href":"https:\/\/www.samu.fi\/sv\/wp-json\/wp\/v2\/pages\/5297"}],"wp:attachment":[{"href":"https:\/\/www.samu.fi\/sv\/wp-json\/wp\/v2\/media?parent=5299"}],"curies":[{"name":"wp","href":"https:\/\/api.w.org\/{rel}","templated":true}]}}