{"id":5300,"date":"2018-03-20T11:08:11","date_gmt":"2018-03-20T11:08:11","guid":{"rendered":"https:\/\/www.samu.fi\/besvarsnamnden\/namndens-sammansattning\/"},"modified":"2026-04-24T08:38:04","modified_gmt":"2026-04-24T06:38:04","slug":"namndens-sammansattning","status":"publish","type":"page","link":"https:\/\/www.samu.fi\/sv\/besvarsnamnden\/namndens-sammansattning\/","title":{"rendered":"N\u00e4mndens sammans\u00e4ttning"},"content":{"rendered":"<h3>N\u00e4mndens sammans\u00e4ttning<\/h3>\n<p>Besv\u00e4rsn\u00e4mnden f\u00f6r social trygghet tills\u00e4tts av statsr\u00e5det f\u00f6r fem \u00e5r i s\u00e4nder p\u00e5 f\u00f6rslag av Social- och h\u00e4lsov\u00e5rdsministeriet. Ordf\u00f6randena f\u00f6r n\u00e4mnden \u00e4r \u00f6verdirekt\u00f6ren, tv\u00e5 direkt\u00f6rer och h\u00f6gst fyra ordf\u00f6rande med uppdraget som bisyssla. Dessutom har n\u00e4mnden juristmedlemmar, l\u00e4karmedlemmar och andra medlemmar med k\u00e4nnedom om \u00e4ndringss\u00f6kandenas f\u00f6rh\u00e5llanden eller om f\u00f6rh\u00e5llandena i arbetslivet och p\u00e5 arbetsmarknaden. Medlemmarna handlar under domaransvar.<\/p>\n<p><strong>Besv\u00e4rsn\u00e4mnden f\u00f6r socialtrygghets sammans\u00e4ttning 2023-2027<\/strong><\/p>\n<p>(Situationen efter f\u00f6r\u00e4ndringarna 15.6.2023 ja 3.8.2023,28.9.2023,30.11.2023,12.4.2024, 10.4.2025,18.9.2025,4.12.2025,22.12.2025,1.1.2026,8.1.2026 )<\/p>\n<p><strong>Heltidsordf\u00f6rande:<\/strong><\/p>\n<p>viceh\u00e4radsh\u00f6vding Silja Romo<\/p>\n<p>viceh\u00e4radsh\u00f6vding Olli H\u00e4kkinen<\/p>\n<p>juris kandidat ekonomie magister Hanna-Kaisa \u00d6hman<\/p>\n<p>juris magister Sanna-Maria Stenvall<\/p>\n<p><strong>Deltidsordf\u00f6rande:<\/strong><\/p>\n<p>juris kandidat Jaana Rissanen<\/p>\n<p>juris kandidat Kirsi Pohjolainen<\/p>\n<p>viceh\u00e4radsh\u00f6vding Heidi Nummela<\/p>\n<p>viceh\u00e4radsh\u00f6vding Jan Hjelt<\/p>\n<p><strong>Juristmedlemmar:<\/strong><\/p>\n<p>viceh\u00e4radsh\u00f6vding Susanna Siitonen<\/p>\n<p>juris kandidat Arita Kaario<\/p>\n<p>juris magister Anniina Alaluusua-Listola<\/p>\n<p>juris kandidat Eva Aalto<\/p>\n<p>juris magister Mari Kuuvalo<\/p>\n<p>juris magister Nico Steiner<\/p>\n<p>viceh\u00e4radsh\u00f6vding Riitta-Maija Jouttim\u00e4ki<\/p>\n<p>juris kandidat Ari Pulkkinen<\/p>\n<p>juris kandidat Outi Aalto<\/p>\n<p>juris kandidat Eva Ojala<\/p>\n<p>juris magister Milja Tiainen<\/p>\n<p>viceh\u00e4radsh\u00f6vding Eeva Vahtera<\/p>\n<p>juris kandidat Marjaana Maisonlahti<\/p>\n<p><span style=\"color: #000000; font-family: Times New Roman;\">juris kandidat<\/span>\u00a0Merja Salmi<\/p>\n<p><span style=\"color: #000000; font-family: Times New Roman;\">juris kandidat<\/span>\u00a0Laura Hans\u00e9n<\/p>\n<p><strong>Juristmedlemmarnas suppleanter:<\/strong><\/p>\n<p>juris magister Daniela Fredman<\/p>\n<p>juris magister Silja Dahlgren<\/p>\n<p>juris kandidat Kirsi Hyttinen<\/p>\n<p>juris magister Kaisu Harju-Kolkka<\/p>\n<p>viceh\u00e4radsh\u00f6vding Mikko Horko<\/p>\n<p>viceh\u00e4radsh\u00f6vding Pekka J\u00e4rvinen<\/p>\n<p>juris kandidat Eija Piiril\u00e4<\/p>\n<p>juris magister Kirsi Salo<\/p>\n<p>juris kandidat Carita Wuorenjuuri<\/p>\n<p>h\u00e4radsh\u00f6vding P\u00e4ivi Kantanen<\/p>\n<p>juris kandidat Elina Isaksson<\/p>\n<p>juris magister Annika Juurikko<\/p>\n<p>juris magister Annika Juurikko<\/p>\n<p>&nbsp;<\/p>\n<p><strong>L\u00e4karmedlemmar:<\/strong><\/p>\n<p>medicine licentiant, specialistl\u00e4k\u00e4re i fysiatri Saija Paavola<\/p>\n<p>specialistl\u00e4kare i psykiatri Tuija R\u00e4is\u00e4nen<\/p>\n<p>medicine licentiant Heikki P\u00e4rn\u00e4nen<\/p>\n<p>specialistl\u00e4kare i f\u00f6retagsh\u00e4lsov\u00e5rd Kristiina Mukala<\/p>\n<p>medicine doktor, specialistl\u00e4kare i ortopedi och traumatologi Teemu Helkamaa<\/p>\n<p>Specialistl\u00e4kare inom psykiatri Sami Lepp\u00e4m\u00e4ki<\/p>\n<p>Specialistl\u00e4kare inom allm\u00e4n medicin Jaana Puhakka<\/p>\n<p><strong>L\u00e4karmedlemmarnas suppleanter:<\/strong><\/p>\n<p>medicine doktor, specialistl\u00e4kare i neurologi Hanna Kaltiainen<\/p>\n<p><strong>Medlemmar med k\u00e4nnedom om \u00e4ndringss\u00f6kandenas f\u00f6rh\u00e5llanden:<\/strong><\/p>\n<p><strong>Medlemmar som utn\u00e4mnts p\u00e5 f\u00f6rslag av arbetsgivarf\u00f6reningarnas mest representativa centralorganisationer:<\/strong><\/p>\n<p>sakkunnigl\u00e4k\u00e4re Auli Rytivaara<\/p>\n<p>sakkunnig Katja Miettinen<\/p>\n<p>ledande pensionsakkunnig Juha Knuuti<\/p>\n<p><strong>suppleanter:<\/strong><\/p>\n<p>sakkunning Mikko Vieltoj\u00e4rvi<\/p>\n<p>arbetsmarknadsombudsman Suvi K\u00e4m\u00e4ri<\/p>\n<p>arbetsmarknadsjurist Maarit Lehtinen<\/p>\n<p>skattedirekd\u00f6r Anita Isomaa<\/p>\n<p><strong>Medlemmar som utn\u00e4mnts p\u00e5 f\u00f6rslag av de mest representativa f\u00f6retagarorganisationerna och lantbruksf\u00f6retagarorganisationerna:<\/strong><\/p>\n<p>Chef f\u00f6r arbetsmarknads\u00e4renden Harri Hellst\u00e9n<\/p>\n<p><strong>suppleanter:<\/strong><\/p>\n<p>jurist Maire Lumiaho<\/p>\n<p><strong>Medlemmar som utn\u00e4mnts p\u00e5 f\u00f6rslag av arbetstagarnas och tj\u00e4nstem\u00e4nnens mest representativa centralorganisationer:<\/strong><\/p>\n<p>Chef f\u00f6r pensionspolitik Sinikka N\u00e4\u00e4tsaari<\/p>\n<p>forskningschef Antti Vierto<\/p>\n<p>ekonom Seppo Nevalainen<\/p>\n<p>ledande sakkunnig Katri Ojala<\/p>\n<p><strong>suppleanter:<\/strong><\/p>\n<p>ledande r\u00e5dgivare Keijo Karhumaa<\/p>\n<p>sakkunnig, social- och h\u00e4lsov\u00e5rdspolitik Ida Nummelin<\/p>\n<p>expert p\u00e5 arbetsmilj\u00f6 och sociala fr\u00e5gor Sari Kola<\/p>\n<p>socialpolitisk sakkunnig Eg\u00ebzona Kllokoqi-Bublaku<\/p>\n<p>Chef f\u00f6r j\u00e4mst\u00e4lldhets- och arbetsmilj\u00f6fr\u00e5gor Lotta Savinko<\/p>\n<p><strong>Medlemmar som utn\u00e4mnts p\u00e5 f\u00f6rslag av de mest representativa organisationerna som representerar f\u00f6rm\u00e5nstagarna:<\/strong><\/p>\n<p>verksamhetsledare Timo Kokko<\/p>\n<p>jurist Oskari Korhonen<\/p>\n<p>jurist Henrik Gustafsson<\/p>\n<p>intressebevakningschef\u00a0Anne Per\u00e4lahti<\/p>\n<p><strong>suppleanter:<\/strong><\/p>\n<p>specialsakkunnig Irene Vuorisalo<\/p>\n<p>verkst\u00e4llande direkt\u00f6r Helena Ylikyl\u00e4-Leiva<\/p>\n<p>verksamhetsledare Anne Viita<\/p>\n<p>verkst\u00e4llande direkt\u00f6r Jukka Tahvanainen<\/p>\n<p>jurist Elias Vartio<\/p>\n<p><strong>Medlemmar med k\u00e4nnedom om f\u00f6rh\u00e5llandena i arbetslivet och p\u00e5 arbetsmarknaden: medlemmar som utn\u00e4mnts p\u00e5 f\u00f6rslag av arbetsgivarf\u00f6reningarnas mest representativa centralorganisationer:<\/strong><\/p>\n<p>sakkunnig Suvi Lahti-Leeve<\/p>\n<p>sakkunnig Katja Lepp\u00e4nen<\/p>\n<p>sakkunnig Mikko Sankala<\/p>\n<p><strong>suppleanter:<\/strong><\/p>\n<p>jurist Jenni Nisametdin<\/p>\n<p>ledande sakkunnig Vesa Rantahalvari<\/p>\n<p>skatteexpert Lauri Lehmusoja<\/p>\n<p>ledande sakkunnig Markku Rajam\u00e4ki<\/p>\n<p>sakkunnig Hannu Yl\u00e4nen<\/p>\n<p>juridiska \u00e4rendes chef Markus \u00c4im\u00e4l\u00e4<\/p>\n<p><strong>Medlemmar som utn\u00e4mnts p\u00e5 f\u00f6rslag av arbetstagarnas och tj\u00e4nstem\u00e4nnens mest representativa centralorganisationer:<\/strong><\/p>\n<p>chefen f\u00f6r arbetskraftspolitik Pirjo V\u00e4\u00e4n\u00e4nen<\/p>\n<p>ekonom Heikki Taulu<\/p>\n<p>jurist Samppa Koskela<\/p>\n<p><strong>suppleanter:<\/strong><\/p>\n<p>chefsekonom Ilkka Kaukoranta<\/p>\n<p>jurist Inka Douglas<\/p>\n<p>ekonomist Tytti Naukkarinen<\/p>\n<p>jurist Sanna Rantala<\/p>\n<p>arbetsmarknad ekonomist Eugen Koev<\/p>\n<p>specialsakkunnig Miika Sahamies<\/p>\n    <!-- sktbuilder starter --><script type=\"text\/javascript\" src=\"https:\/\/www.samu.fi\/wp-content\/plugins\/skt-builder\/sktbuilder\/sktbuilder-frontend-starter.js\"><\/script><script type=\"text\/javascript\" src=\"https:\/\/www.samu.fi\/wp-content\/plugins\/skt-builder\/sktbuilder-wordpress-driver.js\"><\/script><script type=\"text\/javascript\"> var starter = new SktbuilderStarter({\"mode\": \"prod\", \"skip\":[\"jquery\",\"underscore\",\"backbone\"],\"sktbuilderUrl\": \"https:\/\/www.samu.fi\/wp-content\/plugins\/skt-builder\/sktbuilder\/\", \"driver\": new SktbuilderWordpressDriver({\"ajaxUrl\": \"https:\/\/www.samu.fi\/wp-admin\/admin-ajax.php\", \"iframeUrl\": \"https:\/\/www.samu.fi\/sv\/besvarsnamnden\/namndens-sammansattning\/?sktbuilder=true\", \"pageId\": 5300, \"pages\": [{\"title\":\"Ajankohtaista\",\"url\":\"https:\\\/\\\/www.samu.fi\\\/wp-admin\\\/post.php?post=283&action=sktbuilder\"},{\"title\":\"Etusivu\",\"url\":\"https:\\\/\\\/www.samu.fi\\\/wp-admin\\\/post.php?post=3881&action=sktbuilder\"},{\"title\":\"Muutoksenhakijalle\",\"url\":\"https:\\\/\\\/www.samu.fi\\\/wp-admin\\\/post.php?post=6056&action=sktbuilder\"}], \"page\": \"N\u00e4mndens sammans\u00e4ttning\" }) });<\/script><!-- end sktbuilder starter -->","protected":false},"excerpt":{"rendered":"<p>N\u00e4mndens sammans\u00e4ttning Besv\u00e4rsn\u00e4mnden f\u00f6r social trygghet tills\u00e4tts av statsr\u00e5det f\u00f6r fem \u00e5r i s\u00e4nder p\u00e5 f\u00f6rslag av Social- och h\u00e4lsov\u00e5rdsministeriet. Ordf\u00f6randena f\u00f6r n\u00e4mnden \u00e4r \u00f6verdirekt\u00f6ren, tv\u00e5 direkt\u00f6rer och h\u00f6gst fyra ordf\u00f6rande med uppdraget som bisyssla. Dessutom har n\u00e4mnden juristmedlemmar, l\u00e4karmedlemmar och andra medlemmar med k\u00e4nnedom om \u00e4ndringss\u00f6kandenas f\u00f6rh\u00e5llanden eller om f\u00f6rh\u00e5llandena i arbetslivet och p\u00e5&hellip; <a class=\"continue\" href=\"https:\/\/www.samu.fi\/sv\/besvarsnamnden\/namndens-sammansattning\/\">Lue lis\u00e4\u00e4<span> N\u00e4mndens sammans\u00e4ttning<\/span><\/a><\/p>\n","protected":false},"author":1,"featured_media":0,"parent":5297,"menu_order":1,"comment_status":"closed","ping_status":"closed","template":"templates\/page-fullwidth_template.php","meta":{"footnotes":""},"class_list":["post-5300","page","type-page","status-publish","hentry"],"_links":{"self":[{"href":"https:\/\/www.samu.fi\/sv\/wp-json\/wp\/v2\/pages\/5300","targetHints":{"allow":["GET"]}}],"collection":[{"href":"https:\/\/www.samu.fi\/sv\/wp-json\/wp\/v2\/pages"}],"about":[{"href":"https:\/\/www.samu.fi\/sv\/wp-json\/wp\/v2\/types\/page"}],"author":[{"embeddable":true,"href":"https:\/\/www.samu.fi\/sv\/wp-json\/wp\/v2\/users\/1"}],"replies":[{"embeddable":true,"href":"https:\/\/www.samu.fi\/sv\/wp-json\/wp\/v2\/comments?post=5300"}],"version-history":[{"count":43,"href":"https:\/\/www.samu.fi\/sv\/wp-json\/wp\/v2\/pages\/5300\/revisions"}],"predecessor-version":[{"id":9253,"href":"https:\/\/www.samu.fi\/sv\/wp-json\/wp\/v2\/pages\/5300\/revisions\/9253"}],"up":[{"embeddable":true,"href":"https:\/\/www.samu.fi\/sv\/wp-json\/wp\/v2\/pages\/5297"}],"wp:attachment":[{"href":"https:\/\/www.samu.fi\/sv\/wp-json\/wp\/v2\/media?parent=5300"}],"curies":[{"name":"wp","href":"https:\/\/api.w.org\/{rel}","templated":true}]}}