{"id":5301,"date":"2018-03-20T11:10:11","date_gmt":"2018-03-20T11:10:11","guid":{"rendered":"https:\/\/www.samu.fi\/besvarsnamnden\/organisation-och-personal\/"},"modified":"2022-01-25T12:28:35","modified_gmt":"2022-01-25T12:28:35","slug":"organisation-och-personal","status":"publish","type":"page","link":"https:\/\/www.samu.fi\/sv\/besvarsnamnden\/organisation-och-personal\/","title":{"rendered":"Organisation och personal"},"content":{"rendered":"<h3>Organisation och personal<\/h3>\n<p>Besv\u00e4rsn\u00e4mnden f\u00f6r social trygghet har fyra avdelningar: socialf\u00f6rs\u00e4kringsavdelningen, sjukf\u00f6rs\u00e4kringsavdelningen, avdelningen f\u00f6r utkomstskydd f\u00f6r arbetsl\u00f6sa och f\u00f6rvaltningsavdelningen. N\u00e4mnden leds av \u00f6verdirekt\u00f6ren, som samtidigt \u00e4r direkt\u00f6r f\u00f6r socialf\u00f6rs\u00e4kringsavdelningen. \u00d6verdirekt\u00f6ren och direkt\u00f6rerna f\u00f6r de andra r\u00e4ttskipningsavdelningarna \u00e4r ocks\u00e5 ordf\u00f6rande f\u00f6r sektioner. F\u00f6rvaltningsavdelningen leds av en f\u00f6rvaltningschef som svarar f\u00f6r n\u00e4mndens ekonomi- och personalf\u00f6rvaltning samt f\u00f6r leverant\u00f6rssamarbetet i fr\u00e5ga om tj\u00e4nster som lagts ut p\u00e5 entreprenad.<\/p>\n<p>Vid n\u00e4mnden arbetar dessutom jurister, notarier och kontorspersonal som svarar f\u00f6r beredningen och f\u00f6redragningen av \u00e4renden, ser till att besluten utarbetas och postas samt sk\u00f6ter andra uppgifter som h\u00f6r ihop med behandlingen. Sammanlagt uppg\u00e5r n\u00e4mndens personal till strax \u00f6ver hundra anst\u00e4llda.<\/p>\n    <!-- sktbuilder starter --><script type=\"text\/javascript\" src=\"https:\/\/www.samu.fi\/wp-content\/plugins\/skt-builder\/sktbuilder\/sktbuilder-frontend-starter.js\"><\/script><script type=\"text\/javascript\" src=\"https:\/\/www.samu.fi\/wp-content\/plugins\/skt-builder\/sktbuilder-wordpress-driver.js\"><\/script><script type=\"text\/javascript\"> var starter = new SktbuilderStarter({\"mode\": \"prod\", \"skip\":[\"jquery\",\"underscore\",\"backbone\"],\"sktbuilderUrl\": \"https:\/\/www.samu.fi\/wp-content\/plugins\/skt-builder\/sktbuilder\/\", \"driver\": new SktbuilderWordpressDriver({\"ajaxUrl\": \"https:\/\/www.samu.fi\/wp-admin\/admin-ajax.php\", \"iframeUrl\": \"https:\/\/www.samu.fi\/sv\/besvarsnamnden\/organisation-och-personal\/?sktbuilder=true\", \"pageId\": 5301, \"pages\": [{\"title\":\"Ajankohtaista\",\"url\":\"https:\\\/\\\/www.samu.fi\\\/wp-admin\\\/post.php?post=283&action=sktbuilder\"},{\"title\":\"Etusivu\",\"url\":\"https:\\\/\\\/www.samu.fi\\\/wp-admin\\\/post.php?post=3881&action=sktbuilder\"},{\"title\":\"Muutoksenhakijalle\",\"url\":\"https:\\\/\\\/www.samu.fi\\\/wp-admin\\\/post.php?post=6056&action=sktbuilder\"}], \"page\": \"Organisation och personal\" }) });<\/script><!-- end sktbuilder starter -->","protected":false},"excerpt":{"rendered":"<p>Organisation och personal Besv\u00e4rsn\u00e4mnden f\u00f6r social trygghet har fyra avdelningar: socialf\u00f6rs\u00e4kringsavdelningen, sjukf\u00f6rs\u00e4kringsavdelningen, avdelningen f\u00f6r utkomstskydd f\u00f6r arbetsl\u00f6sa och f\u00f6rvaltningsavdelningen. N\u00e4mnden leds av \u00f6verdirekt\u00f6ren, som samtidigt \u00e4r direkt\u00f6r f\u00f6r socialf\u00f6rs\u00e4kringsavdelningen. \u00d6verdirekt\u00f6ren och direkt\u00f6rerna f\u00f6r de andra r\u00e4ttskipningsavdelningarna \u00e4r ocks\u00e5 ordf\u00f6rande f\u00f6r sektioner. F\u00f6rvaltningsavdelningen leds av en f\u00f6rvaltningschef som svarar f\u00f6r n\u00e4mndens ekonomi- och personalf\u00f6rvaltning samt f\u00f6r&hellip; <a class=\"continue\" href=\"https:\/\/www.samu.fi\/sv\/besvarsnamnden\/organisation-och-personal\/\">Lue lis\u00e4\u00e4<span> Organisation och personal<\/span><\/a><\/p>\n","protected":false},"author":1,"featured_media":0,"parent":5297,"menu_order":2,"comment_status":"closed","ping_status":"closed","template":"templates\/page-fullwidth_template.php","meta":{"footnotes":""},"class_list":["post-5301","page","type-page","status-publish","hentry"],"_links":{"self":[{"href":"https:\/\/www.samu.fi\/sv\/wp-json\/wp\/v2\/pages\/5301","targetHints":{"allow":["GET"]}}],"collection":[{"href":"https:\/\/www.samu.fi\/sv\/wp-json\/wp\/v2\/pages"}],"about":[{"href":"https:\/\/www.samu.fi\/sv\/wp-json\/wp\/v2\/types\/page"}],"author":[{"embeddable":true,"href":"https:\/\/www.samu.fi\/sv\/wp-json\/wp\/v2\/users\/1"}],"replies":[{"embeddable":true,"href":"https:\/\/www.samu.fi\/sv\/wp-json\/wp\/v2\/comments?post=5301"}],"version-history":[{"count":1,"href":"https:\/\/www.samu.fi\/sv\/wp-json\/wp\/v2\/pages\/5301\/revisions"}],"predecessor-version":[{"id":6129,"href":"https:\/\/www.samu.fi\/sv\/wp-json\/wp\/v2\/pages\/5301\/revisions\/6129"}],"up":[{"embeddable":true,"href":"https:\/\/www.samu.fi\/sv\/wp-json\/wp\/v2\/pages\/5297"}],"wp:attachment":[{"href":"https:\/\/www.samu.fi\/sv\/wp-json\/wp\/v2\/media?parent=5301"}],"curies":[{"name":"wp","href":"https:\/\/api.w.org\/{rel}","templated":true}]}}