{"id":5302,"date":"2018-03-20T11:15:50","date_gmt":"2018-03-20T11:15:50","guid":{"rendered":"https:\/\/www.samu.fi\/besvarsnamnden\/sektioner\/"},"modified":"2022-01-25T12:29:27","modified_gmt":"2022-01-25T12:29:27","slug":"sektioner","status":"publish","type":"page","link":"https:\/\/www.samu.fi\/sv\/besvarsnamnden\/sektioner\/","title":{"rendered":"Sektioner"},"content":{"rendered":"<h3>Sektioner<strong>\u00a0<\/strong><\/h3>\n<p>Besv\u00e4rsn\u00e4mnden f\u00f6r social trygghet \u00e4r indelad i sektioner som alla leds av en ordf\u00f6rande. \u00a0Besv\u00e4rs\u00e4rendena avg\u00f6rs i sektionerna p\u00e5 f\u00f6redragning av n\u00e4mndens jurister eller notarier.<\/p>\n<p>Beroende p\u00e5 f\u00f6rm\u00e5nsslag och \u00e4rendets art sammantr\u00e4der sektionerna i en sammans\u00e4ttning med fem eller tre medlemmar, i en f\u00f6rst\u00e4rkt sektion eller i plenum. \u00c4renden d\u00e4r det r\u00e4cker med begr\u00e4nsad pr\u00f6vning avg\u00f6rs av ordf\u00f6randen p\u00e5 f\u00f6redragning. En l\u00e4karmedlem ska alltid vara med n\u00e4r en sektion behandlar ett \u00e4rende d\u00e4r avg\u00f6randet i v\u00e4sentlig grad baserar sig p\u00e5 en medicinsk bed\u00f6mning. Ett \u00e4rende kan behandlas i en f\u00f6rst\u00e4rkt sektion, om det beh\u00f6vs f\u00f6r att s\u00e4kerst\u00e4lla en enhetlig tolkning. I plenum behandlas \u00e4renden som \u00e4r av principiell betydelse f\u00f6r till\u00e4mpningen av lag eller om avg\u00f6randet skulle komma att avvika fr\u00e5n tidigare praxis.<\/p>\n    <!-- sktbuilder starter --><script type=\"text\/javascript\" src=\"https:\/\/www.samu.fi\/wp-content\/plugins\/skt-builder\/sktbuilder\/sktbuilder-frontend-starter.js\"><\/script><script type=\"text\/javascript\" src=\"https:\/\/www.samu.fi\/wp-content\/plugins\/skt-builder\/sktbuilder-wordpress-driver.js\"><\/script><script type=\"text\/javascript\"> var starter = new SktbuilderStarter({\"mode\": \"prod\", \"skip\":[\"jquery\",\"underscore\",\"backbone\"],\"sktbuilderUrl\": \"https:\/\/www.samu.fi\/wp-content\/plugins\/skt-builder\/sktbuilder\/\", \"driver\": new SktbuilderWordpressDriver({\"ajaxUrl\": \"https:\/\/www.samu.fi\/wp-admin\/admin-ajax.php\", \"iframeUrl\": \"https:\/\/www.samu.fi\/sv\/besvarsnamnden\/sektioner\/?sktbuilder=true\", \"pageId\": 5302, \"pages\": [{\"title\":\"Ajankohtaista\",\"url\":\"https:\\\/\\\/www.samu.fi\\\/wp-admin\\\/post.php?post=283&action=sktbuilder\"},{\"title\":\"Etusivu\",\"url\":\"https:\\\/\\\/www.samu.fi\\\/wp-admin\\\/post.php?post=3881&action=sktbuilder\"},{\"title\":\"Muutoksenhakijalle\",\"url\":\"https:\\\/\\\/www.samu.fi\\\/wp-admin\\\/post.php?post=6056&action=sktbuilder\"}], \"page\": \"Sektioner\" }) });<\/script><!-- end sktbuilder starter -->","protected":false},"excerpt":{"rendered":"<p>Sektioner\u00a0 Besv\u00e4rsn\u00e4mnden f\u00f6r social trygghet \u00e4r indelad i sektioner som alla leds av en ordf\u00f6rande. \u00a0Besv\u00e4rs\u00e4rendena avg\u00f6rs i sektionerna p\u00e5 f\u00f6redragning av n\u00e4mndens jurister eller notarier. Beroende p\u00e5 f\u00f6rm\u00e5nsslag och \u00e4rendets art sammantr\u00e4der sektionerna i en sammans\u00e4ttning med fem eller tre medlemmar, i en f\u00f6rst\u00e4rkt sektion eller i plenum. \u00c4renden d\u00e4r det r\u00e4cker med begr\u00e4nsad&hellip; <a class=\"continue\" href=\"https:\/\/www.samu.fi\/sv\/besvarsnamnden\/sektioner\/\">Lue lis\u00e4\u00e4<span> Sektioner<\/span><\/a><\/p>\n","protected":false},"author":1,"featured_media":0,"parent":5297,"menu_order":3,"comment_status":"closed","ping_status":"closed","template":"templates\/page-fullwidth_template.php","meta":{"footnotes":""},"class_list":["post-5302","page","type-page","status-publish","hentry"],"_links":{"self":[{"href":"https:\/\/www.samu.fi\/sv\/wp-json\/wp\/v2\/pages\/5302","targetHints":{"allow":["GET"]}}],"collection":[{"href":"https:\/\/www.samu.fi\/sv\/wp-json\/wp\/v2\/pages"}],"about":[{"href":"https:\/\/www.samu.fi\/sv\/wp-json\/wp\/v2\/types\/page"}],"author":[{"embeddable":true,"href":"https:\/\/www.samu.fi\/sv\/wp-json\/wp\/v2\/users\/1"}],"replies":[{"embeddable":true,"href":"https:\/\/www.samu.fi\/sv\/wp-json\/wp\/v2\/comments?post=5302"}],"version-history":[{"count":1,"href":"https:\/\/www.samu.fi\/sv\/wp-json\/wp\/v2\/pages\/5302\/revisions"}],"predecessor-version":[{"id":6130,"href":"https:\/\/www.samu.fi\/sv\/wp-json\/wp\/v2\/pages\/5302\/revisions\/6130"}],"up":[{"embeddable":true,"href":"https:\/\/www.samu.fi\/sv\/wp-json\/wp\/v2\/pages\/5297"}],"wp:attachment":[{"href":"https:\/\/www.samu.fi\/sv\/wp-json\/wp\/v2\/media?parent=5302"}],"curies":[{"name":"wp","href":"https:\/\/api.w.org\/{rel}","templated":true}]}}