{"id":5303,"date":"2018-03-20T11:25:21","date_gmt":"2018-03-20T11:25:21","guid":{"rendered":"https:\/\/www.samu.fi\/besvarsnamnden\/statistik-och-dokument\/"},"modified":"2018-04-18T08:25:50","modified_gmt":"2018-04-18T08:25:50","slug":"statistik-och-dokument","status":"publish","type":"page","link":"https:\/\/www.samu.fi\/sv\/besvarsnamnden\/statistik-och-dokument\/","title":{"rendered":"Statistik och dokument"},"content":{"rendered":"<h3><strong>Statistik och dokument<\/strong><\/h3>\n<p>Statistiken h\u00e4r nedan \u00f6ver den tid \u00e4rendena varit anh\u00e4ngiga inneh\u00e5ller mer detaljerade uppgifter om behandlingstiderna. Uppgifterna fr\u00e5n tiden f\u00f6re \u00e5r 2018 har samlats in hos de tv\u00e5 n\u00e4mnder (Somla och TTLK) som f\u00f6regick SAMU. Statistiken kan laddas ner i form av PDF-dokument.<\/p>\n<h4><strong>Statistik \u00f6ver avg\u00f6randena <\/strong><\/h4>\n<p><strong>Somla<\/strong><\/p>\n<p><a href=\"https:\/\/www.samu.fi\/wp-content\/uploads\/2017\/11\/ratkaisutilasto_somla_2016.pdf\" target=\"_blank\" rel=\"noopener\">Statistik \u00f6ver avg\u00f6randena 2016<\/a><br \/>\n<a href=\"https:\/\/www.samu.fi\/wp-content\/uploads\/2017\/11\/ratkaisutilasto_somla_2015.pdf\" target=\"_blank\" rel=\"noopener\">Statistik \u00f6ver avg\u00f6randena 2015<\/a><\/p>\n<p><strong>TTLK<br \/>\n<\/strong><a href=\"https:\/\/www.samu.fi\/wp-content\/uploads\/2017\/11\/ratkaisutilasto_ttlk_2015.pdf\" target=\"_blank\" rel=\"noopener\">Statistik \u00f6ver avg\u00f6randena 2015 <\/a><br \/>\n<a href=\"https:\/\/www.samu.fi\/wp-content\/uploads\/2017\/11\/ratkaisutilasto_ttlk_2014.pdf\" target=\"_blank\" rel=\"noopener\">Statistik \u00f6ver avg\u00f6randena 2014 <\/a><\/p>\n<h4><strong>Statistik \u00f6ver anh\u00e4ngiggjorda och avgjorda \u00e4renden <\/strong><\/h4>\n<p><strong>Somla<br \/>\n<\/strong><a href=\"https:\/\/www.samu.fi\/wp-content\/uploads\/2017\/11\/kertymatilasto_somla_2016.pdf\" target=\"_blank\" rel=\"noopener\">Statistik \u00f6ver anh\u00e4ngiggjorda och avgjorda \u00e4renden 2016 <\/a><br \/>\n<a href=\"https:\/\/www.samu.fi\/wp-content\/uploads\/2017\/11\/kertymatilasto_somla_2015.pdf\" target=\"_blank\" rel=\"noopener\">Statistik \u00f6ver anh\u00e4ngiggjorda och avgjorda \u00e4renden 2015 <\/a><\/p>\n<p><strong>TTLK<br \/>\n<\/strong><a href=\"https:\/\/www.samu.fi\/wp-content\/uploads\/2017\/11\/kertymatilasto_ttlk_2015.pdf\" target=\"_blank\" rel=\"noopener\">Statistik \u00f6ver anh\u00e4ngiggjorda och avgjorda \u00e4renden 2015<\/a><br \/>\n<a href=\"https:\/\/www.samu.fi\/wp-content\/uploads\/2017\/11\/kertymatilasto_ttlk_2014.pdf\" target=\"_blank\" rel=\"noopener\">Statistik \u00f6ver anh\u00e4ngiggjorda och avgjorda \u00e4renden 2014<\/a><\/p>\n<h4><strong>Statistik \u00f6ver den tid \u00e4rendena varit anh\u00e4ngiga <\/strong><\/h4>\n<p>\u200b<strong>Somla<\/strong><br \/>\n<a href=\"https:\/\/www.samu.fi\/wp-content\/uploads\/2017\/11\/vireillaolo_somla_2015.pdf\" target=\"_blank\" rel=\"noopener\">Statistik \u00f6ver den tid \u00e4rendena varit anh\u00e4ngiga 2015<\/a><br \/>\n<a href=\"https:\/\/www.samu.fi\/wp-content\/uploads\/2017\/11\/vireillaolo_somla_2014.pdf\" target=\"_blank\" rel=\"noopener\">Statistik \u00f6ver den tid \u00e4rendena varit anh\u00e4ngiga 2014<\/a><\/p>\n<p><strong>TTLK<br \/>\n<\/strong><a href=\"https:\/\/www.samu.fi\/wp-content\/uploads\/2017\/11\/vireillaolo_ttlk_2015.pdf\" target=\"_blank\" rel=\"noopener\">Statistik \u00f6ver den tid \u00e4rendena varit anh\u00e4ngiga 2015<\/a><br \/>\n<a href=\"https:\/\/www.samu.fi\/wp-content\/uploads\/2017\/11\/vireillaolo_ttlk_2014.pdf\" target=\"_blank\" rel=\"noopener\">Statistik \u00f6ver den tid \u00e4rendena varit anh\u00e4ngiga 2014<\/a><\/p>\n<h4><strong>Resultatavtal<\/strong><\/h4>\n<p><strong>Somla<br \/>\n<\/strong><a href=\"https:\/\/www.samu.fi\/wp-content\/uploads\/2017\/11\/tulossopimus_somla_2017.pdf\" target=\"_blank\" rel=\"noopener\">Resultatavtal 2017<\/a><br \/>\n<a href=\"https:\/\/www.samu.fi\/wp-content\/uploads\/2017\/11\/tulossopimus_somla_2016.pdf\" target=\"_blank\" rel=\"noopener\">Resultatavtal 2016<\/a><\/p>\n<p><strong>Samu<\/strong><br \/>\n<a href=\"https:\/\/www.samu.fi\/wp-content\/uploads\/2018\/04\/Resultatavtal-2018.pdf\">Resultatavtal<\/a><a href=\"https:\/\/www.samu.fi\/wp-content\/uploads\/2018\/04\/Resultatavtal-2018.pdf\"> 2018<\/a><strong><br \/>\n<\/strong><\/p>\n<h4><strong>Verksamhetsber\u00e4ttelser<\/strong><\/h4>\n<p><strong>Somla<br \/>\n<\/strong><a href=\"https:\/\/www.samu.fi\/wp-content\/uploads\/2017\/11\/toimintakertomus_somla_2016.pdf\" target=\"_blank\" rel=\"noopener\">Verksamhetsber\u00e4ttelse 2016<\/a><br \/>\n<a href=\"https:\/\/www.samu.fi\/wp-content\/uploads\/2017\/11\/toimintakertomus_somla_2015.pdf\" target=\"_blank\" rel=\"noopener\">Verksamhetsber\u00e4ttelse 2015<\/a><\/p>\n<h4><strong>St\u00e4llningstaganden till verksamhetsber\u00e4ttelsen <\/strong><\/h4>\n<p><strong>Somla<br \/>\n<\/strong><a href=\"https:\/\/www.samu.fi\/wp-content\/uploads\/2017\/11\/kannanotto_somla_2016.pdf\" target=\"_blank\" rel=\"noopener\">St\u00e4llningstagande till verksamhetsber\u00e4ttelsen 2016<\/a><br \/>\n<a href=\"https:\/\/www.samu.fi\/wp-content\/uploads\/2017\/11\/kannanotto_somla_2015.pdf\" target=\"_blank\" rel=\"noopener\">St\u00e4llningstaganden till verksamhetsber\u00e4ttelsen 2015<\/a><\/p>\n<p>&nbsp;<\/p>\n<p>&nbsp;<\/p>\n<p>&nbsp;<\/p>\n    <!-- sktbuilder starter --><script type=\"text\/javascript\" src=\"https:\/\/www.samu.fi\/wp-content\/plugins\/skt-builder\/sktbuilder\/sktbuilder-frontend-starter.js\"><\/script><script type=\"text\/javascript\" src=\"https:\/\/www.samu.fi\/wp-content\/plugins\/skt-builder\/sktbuilder-wordpress-driver.js\"><\/script><script type=\"text\/javascript\"> var starter = new SktbuilderStarter({\"mode\": \"prod\", \"skip\":[\"jquery\",\"underscore\",\"backbone\"],\"sktbuilderUrl\": \"https:\/\/www.samu.fi\/wp-content\/plugins\/skt-builder\/sktbuilder\/\", \"driver\": new SktbuilderWordpressDriver({\"ajaxUrl\": \"https:\/\/www.samu.fi\/wp-admin\/admin-ajax.php\", \"iframeUrl\": \"https:\/\/www.samu.fi\/sv\/besvarsnamnden\/statistik-och-dokument\/?sktbuilder=true\", \"pageId\": 5303, \"pages\": [{\"title\":\"Ajankohtaista\",\"url\":\"https:\\\/\\\/www.samu.fi\\\/wp-admin\\\/post.php?post=283&action=sktbuilder\"},{\"title\":\"Etusivu\",\"url\":\"https:\\\/\\\/www.samu.fi\\\/wp-admin\\\/post.php?post=3881&action=sktbuilder\"},{\"title\":\"Muutoksenhakijalle\",\"url\":\"https:\\\/\\\/www.samu.fi\\\/wp-admin\\\/post.php?post=6056&action=sktbuilder\"}], \"page\": \"Statistik och dokument\" }) });<\/script><!-- end sktbuilder starter -->","protected":false},"excerpt":{"rendered":"<p>Statistik och dokument Statistiken h\u00e4r nedan \u00f6ver den tid \u00e4rendena varit anh\u00e4ngiga inneh\u00e5ller mer detaljerade uppgifter om behandlingstiderna. Uppgifterna fr\u00e5n tiden f\u00f6re \u00e5r 2018 har samlats in hos de tv\u00e5 n\u00e4mnder (Somla och TTLK) som f\u00f6regick SAMU. Statistiken kan laddas ner i form av PDF-dokument. Statistik \u00f6ver avg\u00f6randena Somla Statistik \u00f6ver avg\u00f6randena 2016 Statistik \u00f6ver&hellip; <a class=\"continue\" href=\"https:\/\/www.samu.fi\/sv\/besvarsnamnden\/statistik-och-dokument\/\">Lue lis\u00e4\u00e4<span> Statistik och dokument<\/span><\/a><\/p>\n","protected":false},"author":1,"featured_media":0,"parent":5297,"menu_order":4,"comment_status":"closed","ping_status":"closed","template":"templates\/page-fullwidth_template.php","meta":{"footnotes":""},"class_list":["post-5303","page","type-page","status-publish","hentry"],"_links":{"self":[{"href":"https:\/\/www.samu.fi\/sv\/wp-json\/wp\/v2\/pages\/5303","targetHints":{"allow":["GET"]}}],"collection":[{"href":"https:\/\/www.samu.fi\/sv\/wp-json\/wp\/v2\/pages"}],"about":[{"href":"https:\/\/www.samu.fi\/sv\/wp-json\/wp\/v2\/types\/page"}],"author":[{"embeddable":true,"href":"https:\/\/www.samu.fi\/sv\/wp-json\/wp\/v2\/users\/1"}],"replies":[{"embeddable":true,"href":"https:\/\/www.samu.fi\/sv\/wp-json\/wp\/v2\/comments?post=5303"}],"version-history":[{"count":2,"href":"https:\/\/www.samu.fi\/sv\/wp-json\/wp\/v2\/pages\/5303\/revisions"}],"predecessor-version":[{"id":5412,"href":"https:\/\/www.samu.fi\/sv\/wp-json\/wp\/v2\/pages\/5303\/revisions\/5412"}],"up":[{"embeddable":true,"href":"https:\/\/www.samu.fi\/sv\/wp-json\/wp\/v2\/pages\/5297"}],"wp:attachment":[{"href":"https:\/\/www.samu.fi\/sv\/wp-json\/wp\/v2\/media?parent=5303"}],"curies":[{"name":"wp","href":"https:\/\/api.w.org\/{rel}","templated":true}]}}