{"id":5306,"date":"2018-03-20T11:46:21","date_gmt":"2018-03-20T11:46:21","guid":{"rendered":"https:\/\/www.samu.fi\/framsidan\/"},"modified":"2021-02-09T12:29:54","modified_gmt":"2021-02-09T12:29:54","slug":"framsidan","status":"publish","type":"page","link":"https:\/\/www.samu.fi\/sv\/framsidan\/","title":{"rendered":"Framsidan"},"content":{"rendered":"\n<h5>Besv\u00e4rsn\u00e4mnden f\u00f6r social trygghet<\/h5>\n<p>Besv\u00e4rsn\u00e4mnden f\u00f6r social trygghet \u00e4r en lagstadgad oberoende besv\u00e4rsinstans som kan j\u00e4mf\u00f6ras med en specialdomstol i socialf\u00f6rs\u00e4krings\u00e4renden.<\/p>\n<p>Besv\u00e4rsn\u00e4mnden f\u00f6r social trygghet (Somla) och besv\u00e4rsn\u00e4mnden f\u00f6r utkomstskydds\u00e4renden (TTLK ) slogs 1.1.2018 samman till besv\u00e4rsn\u00e4mnden f\u00f6r social trygghet (SAMU).<\/p>\n<p>Besv\u00e4rsn\u00e4mnden f\u00f6r social trygghet behandlar besv\u00e4r \u00f6ver beslut som bl.a. Folkpensionsanstalten och arbetsl\u00f6shetskassorna har fattat. Best\u00e4mmelser om n\u00e4mndens verksamhet finns i lagen om besv\u00e4rsn\u00e4mnden f\u00f6r social trygghet (1299\/2006).<\/p>\n<p>\u00c4ndring i besv\u00e4rsn\u00e4mndens beslut f\u00e5r s\u00f6kas hos f\u00f6rs\u00e4kringsdomstolen, som \u00e4r h\u00f6gsta r\u00e4ttsinstans i socialf\u00f6rs\u00e4krings\u00e4renden.<\/p>\n<p>\t\t\t\t<a href=\"http:\/\/www.samu.fi\/sv\/besvarsnamnden\/\"><br \/>\n\t\t\t\t\t\t\t\t<\/a><\/p>\n<h4>\n\t\t\t\t\t<a href=\"http:\/\/www.samu.fi\/sv\/besvarsnamnden\/\">Verksamhet<\/a><br \/>\n\t\t\t\t<\/h4>\n<p><p>Det h\u00e4r \u00e4r SAMU<\/p>\n<\/p>\n<p>\t\t\t\t<a href=\"http:\/\/www.samu.fi\/sv\/cherry-services\/behandlingsskeden\/\"><br \/>\n\t\t\t\t\t\t\t\t<\/a><\/p>\n<h4>\n\t\t\t\t\t<a href=\"http:\/\/www.samu.fi\/sv\/cherry-services\/behandlingsskeden\/\">Behandlingsskeden<\/a><br \/>\n\t\t\t\t<\/h4>\n<p><p>S\u00e5 h\u00e4r framskrider \u00e4rendena<\/p>\n<\/p>\n<p>\t\t\t\t<a href=\"http:\/\/www.samu.fi\/sv\/kontaktuppgifter\/\"><br \/>\n\t\t\t\t\t\t\t\t<\/a><\/p>\n<h4>\n\t\t\t\t\t<a href=\"http:\/\/www.samu.fi\/sv\/kontaktuppgifter\/\">Kontaktuppgifter<\/a><br \/>\n\t\t\t\t<\/h4>\n<p><p>H\u00e4r hittar du alla v\u00e5ra kontaktuppgifter<\/p>\n<\/p>\n<h3>Databas \u00f6ver avg\u00f6randen <\/h3>\n<p>\t\t\t<a href=\"http:\/\/www.samu.fi\/sv\/rattsfall\/\" role=\"button\"><br \/>\n\t\t\t\t\t\tL\u00e4s mer<br \/>\n\t\t\t\t\t<\/a><\/p>\n<h3>Anvisningar f\u00f6r s\u00f6kande av \u00e4ndring <\/h3>\n<p>\t\t\t\t\t[cherry_services super_title=&#8221;&#8221; title=&#8221;&#8221; subtitle=&#8221;&#8221; columns=&#8221;3&#8243; columns_laptop=&#8221;3&#8243; columns_tablet=&#8221;2&#8243; columns_phone=&#8221;1&#8243; posts_per_page=&#8221;6&#8243; category=&#8221;&#8221; id=&#8221;&#8221; excerpt_length=&#8221;0&#8243; more=&#8221;false&#8221; more_text=&#8221;More&#8221; more_url=&#8221;#&#8221; ajax_more=&#8221;false&#8221; pagination=&#8221;false&#8221; show_title=&#8221;yes&#8221; show_media=&#8221;yes&#8221; show_content=&#8221;false&#8221; show_item_more=&#8221;false&#8221; item_more_text=&#8221;&#8221; show_filters=&#8221;false&#8221; image_size=&#8221;thumbnail&#8221; template=&#8221;media-icon&#8221; use_space=&#8221;yes&#8221; use_rows_space=&#8221;yes&#8221;]<\/p>\n<h3>SAMU i siffror<br \/>\u00e5r 2020<\/h3>\n<h4>Genomsnittlig behandlingstid<\/h4>\n<p>\t\t\t\t\t\t\tm\u00e5nader<\/p>\n<h4>Besv\u00e4r<\/p>\n<\/h4>\n<p>\t\t\t\t\t\t\tst.<\/p>\n<h4>Avg\u00f6randen<\/p>\n<\/h4>\n<p>\t\t\t\t\t\t\tst.<\/p>\n<h3>Aktuellt<\/h3>\n<h4><a href=\"https:\/\/www.samu.fi\/sv\/kundservice-telefon-och-kontor-ar-stangda-10-11\/\">Kundservice telefon och kontor \u00e4r st\u00e4ngda 10.11.<\/a><\/h4>\n<p><a href=\"https:\/\/www.samu.fi\/2020\/11\/03\/\"  ><time datetime=\"2020-11-03T13:56:30+00:00\" title=\"2020-11-03T13:56:30+00:00\">november 3, 2020<\/time><\/a>SAMUs kundservice telefon och kontor \u00e4r st\u00e4ngda p\u00e5 grund av&hellip;<a href=\"https:\/\/www.samu.fi\/sv\/kundservice-telefon-och-kontor-ar-stangda-10-11\/\">L\u00e4s mer <\/a><\/p>\n<h4><a href=\"https:\/\/www.samu.fi\/sv\/begransningar-av-kundservice-pa-grund-av-korona-situationen\/\">Begr\u00e4nsningar av kundservice p\u00e5 grund av korona-situationen<\/a><\/h4>\n<p><a href=\"https:\/\/www.samu.fi\/2020\/03\/24\/\"  ><time datetime=\"2020-03-24T07:30:33+00:00\" title=\"2020-03-24T07:30:33+00:00\">mars 24, 2020<\/time><\/a>F\u00f6r att s\u00e4kerst\u00e4lla tj\u00e4nsterna ska f\u00f6ljande exceptionella arrangemang ta plats&hellip;<a href=\"https:\/\/www.samu.fi\/sv\/begransningar-av-kundservice-pa-grund-av-korona-situationen\/\">L\u00e4s mer <\/a><\/p>\n<h4><a href=\"https:\/\/www.samu.fi\/sv\/kundservice-telefon-och-kontor-ar-stangda-5\/\">Kundservice telefon och kontor \u00e4r st\u00e4ngda<\/a><\/h4>\n<p><a href=\"https:\/\/www.samu.fi\/2020\/02\/20\/\"  ><time datetime=\"2020-02-20T08:58:16+00:00\" title=\"2020-02-20T08:58:16+00:00\">februari 20, 2020<\/time><\/a>SAMUs kundservice telefon och kontor \u00e4r st\u00e4ngda p\u00e5 grund av&hellip;<a href=\"https:\/\/www.samu.fi\/sv\/kundservice-telefon-och-kontor-ar-stangda-5\/\">L\u00e4s mer <\/a><\/p>\n    <!-- sktbuilder starter --><script type=\"text\/javascript\" src=\"https:\/\/www.samu.fi\/wp-content\/plugins\/skt-builder\/sktbuilder\/sktbuilder-frontend-starter.js\"><\/script><script type=\"text\/javascript\" src=\"https:\/\/www.samu.fi\/wp-content\/plugins\/skt-builder\/sktbuilder-wordpress-driver.js\"><\/script><script type=\"text\/javascript\"> var starter = new SktbuilderStarter({\"mode\": \"prod\", \"skip\":[\"jquery\",\"underscore\",\"backbone\"],\"sktbuilderUrl\": \"https:\/\/www.samu.fi\/wp-content\/plugins\/skt-builder\/sktbuilder\/\", \"driver\": new SktbuilderWordpressDriver({\"ajaxUrl\": \"https:\/\/www.samu.fi\/wp-admin\/admin-ajax.php\", \"iframeUrl\": \"https:\/\/www.samu.fi\/sv\/framsidan\/?sktbuilder=true\", \"pageId\": 5306, \"pages\": [{\"title\":\"Ajankohtaista\",\"url\":\"https:\\\/\\\/www.samu.fi\\\/wp-admin\\\/post.php?post=283&action=sktbuilder\"},{\"title\":\"Etusivu\",\"url\":\"https:\\\/\\\/www.samu.fi\\\/wp-admin\\\/post.php?post=3881&action=sktbuilder\"},{\"title\":\"Muutoksenhakijalle\",\"url\":\"https:\\\/\\\/www.samu.fi\\\/wp-admin\\\/post.php?post=6056&action=sktbuilder\"}], \"page\": \"Framsidan\" }) });<\/script><!-- end sktbuilder starter -->","protected":false},"excerpt":{"rendered":"<p>Besv\u00e4rsn\u00e4mnden f\u00f6r social trygghet Besv\u00e4rsn\u00e4mnden f\u00f6r social trygghet \u00e4r en lagstadgad oberoende besv\u00e4rsinstans som kan j\u00e4mf\u00f6ras med en specialdomstol i socialf\u00f6rs\u00e4krings\u00e4renden. Besv\u00e4rsn\u00e4mnden f\u00f6r social trygghet (Somla) och besv\u00e4rsn\u00e4mnden f\u00f6r utkomstskydds\u00e4renden (TTLK ) slogs 1.1.2018 samman till besv\u00e4rsn\u00e4mnden f\u00f6r social trygghet (SAMU). Besv\u00e4rsn\u00e4mnden f\u00f6r social trygghet behandlar besv\u00e4r \u00f6ver beslut som bl.a. Folkpensionsanstalten och arbetsl\u00f6shetskassorna har&hellip; <a class=\"continue\" href=\"https:\/\/www.samu.fi\/sv\/framsidan\/\">Lue lis\u00e4\u00e4<span> Framsidan<\/span><\/a><\/p>\n","protected":false},"author":1,"featured_media":0,"parent":0,"menu_order":0,"comment_status":"closed","ping_status":"closed","template":"","meta":{"footnotes":""},"class_list":["post-5306","page","type-page","status-publish","hentry"],"_links":{"self":[{"href":"https:\/\/www.samu.fi\/sv\/wp-json\/wp\/v2\/pages\/5306","targetHints":{"allow":["GET"]}}],"collection":[{"href":"https:\/\/www.samu.fi\/sv\/wp-json\/wp\/v2\/pages"}],"about":[{"href":"https:\/\/www.samu.fi\/sv\/wp-json\/wp\/v2\/types\/page"}],"author":[{"embeddable":true,"href":"https:\/\/www.samu.fi\/sv\/wp-json\/wp\/v2\/users\/1"}],"replies":[{"embeddable":true,"href":"https:\/\/www.samu.fi\/sv\/wp-json\/wp\/v2\/comments?post=5306"}],"version-history":[{"count":39,"href":"https:\/\/www.samu.fi\/sv\/wp-json\/wp\/v2\/pages\/5306\/revisions"}],"predecessor-version":[{"id":5876,"href":"https:\/\/www.samu.fi\/sv\/wp-json\/wp\/v2\/pages\/5306\/revisions\/5876"}],"wp:attachment":[{"href":"https:\/\/www.samu.fi\/sv\/wp-json\/wp\/v2\/media?parent=5306"}],"curies":[{"name":"wp","href":"https:\/\/api.w.org\/{rel}","templated":true}]}}