{"id":5329,"date":"2018-03-23T09:30:09","date_gmt":"2018-03-23T09:30:09","guid":{"rendered":"https:\/\/www.samu.fi\/anvisningar-for-sokande-av-andring\/"},"modified":"2021-02-09T10:13:40","modified_gmt":"2021-02-09T10:13:40","slug":"anvisningar-for-sokande-av-andring","status":"publish","type":"page","link":"https:\/\/www.samu.fi\/sv\/anvisningar-for-sokande-av-andring\/","title":{"rendered":"Till \u00e4ndringss\u00f6kanden"},"content":{"rendered":"<h2>Anvisningar f\u00f6r s\u00f6kande av \u00e4ndring<\/h2>\n<p>Den myndighet eller det organ som fattat beslutet i f\u00f6rsta instans fogar till sitt beslut en besv\u00e4rsanvisning d\u00e4r det ber\u00e4ttas hur du kan s\u00f6ka \u00e4ndring, dvs. anf\u00f6ra besv\u00e4r. Anf\u00f6r besv\u00e4ren skriftligen och inom utsatt tid. Om du \u00e4r missn\u00f6jd med beslutet, f\u00f6lj d\u00e5 de anvisningar f\u00f6r s\u00f6kande av \u00e4ndring som har bifogats till det.<\/p>\n<p>\t\t\t\t\t[cherry_services super_title=&#8221;&#8221; title=&#8221;&#8221; subtitle=&#8221;&#8221; columns=&#8221;3&#8243; columns_laptop=&#8221;3&#8243; columns_tablet=&#8221;1&#8243; columns_phone=&#8221;1&#8243; posts_per_page=&#8221;6&#8243; category=&#8221;&#8221; id=&#8221;&#8221; excerpt_length=&#8221;20&#8243; more=&#8221;false&#8221; more_text=&#8221;More&#8221; more_url=&#8221;#&#8221; ajax_more=&#8221;yes&#8221; pagination=&#8221;false&#8221; show_title=&#8221;yes&#8221; show_media=&#8221;yes&#8221; show_content=&#8221;false&#8221; show_item_more=&#8221;false&#8221; item_more_text=&#8221;&#8221; show_filters=&#8221;false&#8221; image_size=&#8221;homecare-thumb-360-270&#8243; template=&#8221;media-icon-background&#8221; use_space=&#8221;yes&#8221; use_rows_space=&#8221;yes&#8221;]<\/p>\n    <!-- sktbuilder starter --><script type=\"text\/javascript\" src=\"https:\/\/www.samu.fi\/wp-content\/plugins\/skt-builder\/sktbuilder\/sktbuilder-frontend-starter.js\"><\/script><script type=\"text\/javascript\" src=\"https:\/\/www.samu.fi\/wp-content\/plugins\/skt-builder\/sktbuilder-wordpress-driver.js\"><\/script><script type=\"text\/javascript\"> var starter = new SktbuilderStarter({\"mode\": \"prod\", \"skip\":[\"jquery\",\"underscore\",\"backbone\"],\"sktbuilderUrl\": \"https:\/\/www.samu.fi\/wp-content\/plugins\/skt-builder\/sktbuilder\/\", \"driver\": new SktbuilderWordpressDriver({\"ajaxUrl\": \"https:\/\/www.samu.fi\/wp-admin\/admin-ajax.php\", \"iframeUrl\": \"https:\/\/www.samu.fi\/sv\/anvisningar-for-sokande-av-andring\/?sktbuilder=true\", \"pageId\": 5329, \"pages\": [{\"title\":\"Ajankohtaista\",\"url\":\"https:\\\/\\\/www.samu.fi\\\/wp-admin\\\/post.php?post=283&action=sktbuilder\"},{\"title\":\"Etusivu\",\"url\":\"https:\\\/\\\/www.samu.fi\\\/wp-admin\\\/post.php?post=3881&action=sktbuilder\"},{\"title\":\"Muutoksenhakijalle\",\"url\":\"https:\\\/\\\/www.samu.fi\\\/wp-admin\\\/post.php?post=6056&action=sktbuilder\"}], \"page\": \"Till \u00e4ndringss\u00f6kanden\" }) });<\/script><!-- end sktbuilder starter -->","protected":false},"excerpt":{"rendered":"<p>Anvisningar f\u00f6r s\u00f6kande av \u00e4ndring Den myndighet eller det organ som fattat beslutet i f\u00f6rsta instans fogar till sitt beslut en besv\u00e4rsanvisning d\u00e4r det ber\u00e4ttas hur du kan s\u00f6ka \u00e4ndring, dvs. anf\u00f6ra besv\u00e4r. Anf\u00f6r besv\u00e4ren skriftligen och inom utsatt tid. Om du \u00e4r missn\u00f6jd med beslutet, f\u00f6lj d\u00e5 de anvisningar f\u00f6r s\u00f6kande av \u00e4ndring som&hellip; <a class=\"continue\" href=\"https:\/\/www.samu.fi\/sv\/anvisningar-for-sokande-av-andring\/\">Lue lis\u00e4\u00e4<span> Till \u00e4ndringss\u00f6kanden<\/span><\/a><\/p>\n","protected":false},"author":1,"featured_media":0,"parent":0,"menu_order":2,"comment_status":"closed","ping_status":"closed","template":"","meta":{"footnotes":""},"class_list":["post-5329","page","type-page","status-publish","hentry"],"_links":{"self":[{"href":"https:\/\/www.samu.fi\/sv\/wp-json\/wp\/v2\/pages\/5329","targetHints":{"allow":["GET"]}}],"collection":[{"href":"https:\/\/www.samu.fi\/sv\/wp-json\/wp\/v2\/pages"}],"about":[{"href":"https:\/\/www.samu.fi\/sv\/wp-json\/wp\/v2\/types\/page"}],"author":[{"embeddable":true,"href":"https:\/\/www.samu.fi\/sv\/wp-json\/wp\/v2\/users\/1"}],"replies":[{"embeddable":true,"href":"https:\/\/www.samu.fi\/sv\/wp-json\/wp\/v2\/comments?post=5329"}],"version-history":[{"count":3,"href":"https:\/\/www.samu.fi\/sv\/wp-json\/wp\/v2\/pages\/5329\/revisions"}],"predecessor-version":[{"id":5872,"href":"https:\/\/www.samu.fi\/sv\/wp-json\/wp\/v2\/pages\/5329\/revisions\/5872"}],"wp:attachment":[{"href":"https:\/\/www.samu.fi\/sv\/wp-json\/wp\/v2\/media?parent=5329"}],"curies":[{"name":"wp","href":"https:\/\/api.w.org\/{rel}","templated":true}]}}