{"id":6103,"date":"2022-01-25T11:56:08","date_gmt":"2022-01-25T11:56:08","guid":{"rendered":"https:\/\/www.crazymama.net\/Testisaitit\/Testisamu\/behandlingsskeden\/"},"modified":"2022-01-25T11:56:08","modified_gmt":"2022-01-25T11:56:08","slug":"behandlingsskeden","status":"publish","type":"page","link":"https:\/\/www.samu.fi\/sv\/till-andringssokanden\/behandlingsskeden\/","title":{"rendered":"Behandlingsskeden"},"content":{"rendered":"<p>S\u00e5 h\u00e4r framskrider \u00e4rendena<\/p>\n<p>I princip behandlas besv\u00e4rs\u00e4rendena skriftligen i n\u00e4mnden. Muntlig till\u00e4ggsutredning kan inte tas emot. Ett \u00e4rende kan undantagsvis behandlas muntligen till n\u00e5gon del i s\u00e5dana fall som \u00e4r f\u00f6renliga med 38 \u00a7 i f\u00f6rvaltningsprocesslagen. Vid muntlig f\u00f6rhandling kan d\u00e5 parter, myndigheter, vittnen och sakkunniga h\u00f6ras samt annan utredning tas emot. Muntlig f\u00f6rhandling h\u00e5lls inte om yrkandet l\u00e4mnas utan pr\u00f6vning eller omedelbart f\u00f6rkastas, eller om muntlig f\u00f6rhandling med h\u00e4nsyn till \u00e4rendets art eller av n\u00e5gon annan orsak \u00e4r uppenbart on\u00f6dig.<\/p>\n<p>Behandlingsskedena i besv\u00e4rsn\u00e4mnden \u00e4r i huvudsak f\u00f6ljande:<\/p>\n<ul>\n<li>handlingar tas emot fr\u00e5n den myndighet eller det organ som fattat beslutet i f\u00f6rsta instans<\/li>\n<li>\u00e4rendet diarief\u00f6rs som anh\u00e4ngiggjort<\/li>\n<li>handlingarna granskas och beh\u00f6vlig till\u00e4ggsutredning inh\u00e4mtas<\/li>\n<li>\u00e4rendet bereds med tanke p\u00e5 f\u00f6redragningen och uppg\u00f6randet av ett f\u00f6rslag till avg\u00f6rande<\/li>\n<li>handlingarna cirkulerar hos medlemmarna<\/li>\n<li>f\u00f6redragning h\u00e5lls och beslut fattas vid sammantr\u00e4de i en sektion<\/li>\n<li>n\u00e4mndens beslut och protokollet skrivs<\/li>\n<li>beslutet postas och andra beh\u00f6vliga efterarbeten utf\u00f6rs<\/li>\n<\/ul>\n<p>\u00c4rendena behandlas om m\u00f6jligt i den ordning de kommit in. Exempelvis inh\u00e4mtandet av till\u00e4ggsutredning och h\u00f6randet av parter kan f\u00f6rl\u00e4nga behandlingstiden.<\/p>\n<p>Det f\u00f6rsta som h\u00e4nder n\u00e4r besv\u00e4rsskriften j\u00e4mte bilagor har anl\u00e4nt till n\u00e4mnden \u00e4r att den diarief\u00f6rs som anh\u00e4ngiggjord. Efter det genomg\u00e5r besv\u00e4rs\u00e4rendet olika behandlingsskeden.<\/p>\n<p>Handlingarna granskas och beh\u00f6vlig till\u00e4ggsutredning inh\u00e4mtas. Det kan bli n\u00f6dv\u00e4ndigt att inh\u00e4mta till\u00e4ggsutredning ocks\u00e5 l\u00e4ngre fram i olika behandlingsskeden. I f\u00f6rberedelseskedet g\u00f6rs en sammanst\u00e4llning som g\u00e4ller \u00e4rendet. Efter det skriver f\u00f6redraganden ett f\u00f6rslag till avg\u00f6rande och ett beslutstutkast. F\u00f6ljande steg \u00e4r att handlingarna cirkulerar hos sektionsmedlemmarna. D\u00e5 l\u00e4ser de medlemmar som \u00e4r med om att avg\u00f6ra \u00e4rendet f\u00f6rslaget till avg\u00f6rande och handlingarna i \u00e4rendet.<\/p>\n<p>F\u00f6re ett sammantr\u00e4de cirkulerar handlingarna elektroniskt mellan medlemmarna, som l\u00e4ser och kommenterar dem.\u00a0Efter det f\u00f6redras och avg\u00f6rs \u00e4rendet vid ett sektionssammantr\u00e4de. Efter sammantr\u00e4det granskas och renskrivs beslutet. Till slut postas beslutet till parterna.<\/p>\n<p>Besv\u00e4rsn\u00e4mndens beslut skickas bara till den som s\u00f6kt \u00e4ndring, hens lagliga f\u00f6retr\u00e4dare och den myndighet eller det organ som fattat beslutet i f\u00f6rsta instans. Beslutet delges ocks\u00e5 \u00e4ndringss\u00f6kandens eventuella ombud.<\/p>\n<p>Myndighetsbeslut och myndighetshandlingar \u00e4r i princip offentliga. I n\u00e4mndens beslut och handlingar ing\u00e5r dock n\u00e4stan alltid rikligt med uppgifter som \u00e4r sekretessbelagda enligt lag. Till den del ett beslut som besv\u00e4rsn\u00e4mnden f\u00f6r social trygghet har fattat eller n\u00e5gon av n\u00e4mndens handlingar \u00e4r sekretessbelagd ges uppgifter om beslutet eller ur handlingen inte till utomst\u00e5ende.<\/p>\n<p>Information om besv\u00e4rsn\u00e4mndens beslut eller om dess inneh\u00e5ll meddelas inte f\u00f6rr\u00e4n beslutet har postats.<\/p>\n    <!-- sktbuilder starter --><script type=\"text\/javascript\" src=\"https:\/\/www.samu.fi\/wp-content\/plugins\/skt-builder\/sktbuilder\/sktbuilder-frontend-starter.js\"><\/script><script type=\"text\/javascript\" src=\"https:\/\/www.samu.fi\/wp-content\/plugins\/skt-builder\/sktbuilder-wordpress-driver.js\"><\/script><script type=\"text\/javascript\"> var starter = new SktbuilderStarter({\"mode\": \"prod\", \"skip\":[\"jquery\",\"underscore\",\"backbone\"],\"sktbuilderUrl\": \"https:\/\/www.samu.fi\/wp-content\/plugins\/skt-builder\/sktbuilder\/\", \"driver\": new SktbuilderWordpressDriver({\"ajaxUrl\": \"https:\/\/www.samu.fi\/wp-admin\/admin-ajax.php\", \"iframeUrl\": \"https:\/\/www.samu.fi\/sv\/till-andringssokanden\/behandlingsskeden\/?sktbuilder=true\", \"pageId\": 6103, \"pages\": [{\"title\":\"Ajankohtaista\",\"url\":\"https:\\\/\\\/www.samu.fi\\\/wp-admin\\\/post.php?post=283&action=sktbuilder\"},{\"title\":\"Etusivu\",\"url\":\"https:\\\/\\\/www.samu.fi\\\/wp-admin\\\/post.php?post=3881&action=sktbuilder\"},{\"title\":\"Muutoksenhakijalle\",\"url\":\"https:\\\/\\\/www.samu.fi\\\/wp-admin\\\/post.php?post=6056&action=sktbuilder\"}], \"page\": \"Behandlingsskeden\" }) });<\/script><!-- end sktbuilder starter -->","protected":false},"excerpt":{"rendered":"<p>S\u00e5 h\u00e4r framskrider \u00e4rendena I princip behandlas besv\u00e4rs\u00e4rendena skriftligen i n\u00e4mnden. Muntlig till\u00e4ggsutredning kan inte tas emot. Ett \u00e4rende kan undantagsvis behandlas muntligen till n\u00e5gon del i s\u00e5dana fall som \u00e4r f\u00f6renliga med 38 \u00a7 i f\u00f6rvaltningsprocesslagen. Vid muntlig f\u00f6rhandling kan d\u00e5 parter, myndigheter, vittnen och sakkunniga h\u00f6ras samt annan utredning tas emot. Muntlig f\u00f6rhandling&hellip; <a class=\"continue\" href=\"https:\/\/www.samu.fi\/sv\/till-andringssokanden\/behandlingsskeden\/\">Lue lis\u00e4\u00e4<span> Behandlingsskeden<\/span><\/a><\/p>\n","protected":false},"author":1,"featured_media":0,"parent":6109,"menu_order":0,"comment_status":"closed","ping_status":"closed","template":"templates\/page-fullwidth_template.php","meta":{"footnotes":""},"class_list":["post-6103","page","type-page","status-publish","hentry"],"_links":{"self":[{"href":"https:\/\/www.samu.fi\/sv\/wp-json\/wp\/v2\/pages\/6103","targetHints":{"allow":["GET"]}}],"collection":[{"href":"https:\/\/www.samu.fi\/sv\/wp-json\/wp\/v2\/pages"}],"about":[{"href":"https:\/\/www.samu.fi\/sv\/wp-json\/wp\/v2\/types\/page"}],"author":[{"embeddable":true,"href":"https:\/\/www.samu.fi\/sv\/wp-json\/wp\/v2\/users\/1"}],"replies":[{"embeddable":true,"href":"https:\/\/www.samu.fi\/sv\/wp-json\/wp\/v2\/comments?post=6103"}],"version-history":[{"count":0,"href":"https:\/\/www.samu.fi\/sv\/wp-json\/wp\/v2\/pages\/6103\/revisions"}],"up":[{"embeddable":true,"href":"https:\/\/www.samu.fi\/sv\/wp-json\/wp\/v2\/pages\/6109"}],"wp:attachment":[{"href":"https:\/\/www.samu.fi\/sv\/wp-json\/wp\/v2\/media?parent=6103"}],"curies":[{"name":"wp","href":"https:\/\/api.w.org\/{rel}","templated":true}]}}