{"id":6104,"date":"2022-01-25T11:56:51","date_gmt":"2022-01-25T11:56:51","guid":{"rendered":"https:\/\/www.crazymama.net\/Testisaitit\/Testisamu\/elektronisk-kommunikation\/"},"modified":"2022-03-02T12:55:11","modified_gmt":"2022-03-02T10:55:11","slug":"elektronisk-kommunikation","status":"publish","type":"page","link":"https:\/\/www.samu.fi\/sv\/till-andringssokanden\/elektronisk-kommunikation\/","title":{"rendered":"Elektronisk kommunikation"},"content":{"rendered":"<p>Besv\u00e4rsn\u00e4mnden till\u00e4mpar lagen om elektronisk kommunikation i myndigheternas verksamhet. N\u00e4mnden kan via e-post eller p\u00e5 en skyddad blankett ta emot bifogade filer som har sparats i ett allm\u00e4nt f\u00f6rekommande format, till exempel .txt, .doc, .rtf, .html, .jpg, .png eller .pdf. Maximistorleken f\u00f6r bifogade filer \u00e4r 20 megabyte.<\/p>\n<p>Observera att besv\u00e4rsn\u00e4mndens e-postf\u00f6rbindelse \u00e4r oskyddad! Information som ska hemligh\u00e5llas eller annars \u00e4r k\u00e4nslig b\u00f6r d\u00e4rf\u00f6r inte s\u00e4ndas via e-post, utom ifall du har tillg\u00e5ng till programvara som krypterar e-post. Observera n\u00e4r du skickar e-post ocks\u00e5 att det i vanliga fall g\u00e5r att identifiera avs\u00e4ndaren bara om e-postadressen har angetts som kontaktuppgift redan i den ursprungliga besv\u00e4rsskriften.<\/p>\n<p>Anv\u00e4nd en skyddad blankett f\u00f6r att p\u00e5 ett informationss\u00e4kert s\u00e4tt s\u00e4nda meddelanden och dokument till n\u00e4mnden. Till den skyddade blanketten kommer du genom att i tj\u00e4nsten suomi.fi identifiera dig med dina n\u00e4tbankskoder eller med ett chipf\u00f6rsett identitetskort. De identifikationsuppgifter som \u00f6verf\u00f6rs \u00e4r namn och personbeteckning. Till blanketten kommer du via\u00a0<a href=\"https:\/\/turvaviesti.samu.fi\/turvalomake\" rel=\"noopener\"><strong>den h\u00e4r l\u00e4nken.<\/strong><\/a>\u00a0Tj\u00e4nsten suomi.fi uppr\u00e4tth\u00e5lls av Myndigheten f\u00f6r digitalisering och befolkningsdata.<\/p>\n<p>Anv\u00e4nd den skyddade blanketten bara om du sj\u00e4lv \u00e4r part.\u00a0 Personbeteckningen f\u00f6r den som har identifierat sig skrivs ut i dokumenten, p\u00e5 s\u00e5 s\u00e4tt kan parterna f\u00e5 k\u00e4nnedom om den! Ombud, arbetsgivare, myndigheter och andra motsvarande akt\u00f6rer ska anv\u00e4nda skyddad e-post.<\/p>\n<p>Till\u00e4ggsutredning kan ges in ocks\u00e5 via den myndighet eller det organ som fattat beslut i f\u00f6rsta instans. Beslutsfattarna i f\u00f6rsta instans informerar sj\u00e4lva om m\u00f6jligheterna att kommunicera elektroniskt med dem.<\/p>\n    <!-- sktbuilder starter --><script type=\"text\/javascript\" src=\"https:\/\/www.samu.fi\/wp-content\/plugins\/skt-builder\/sktbuilder\/sktbuilder-frontend-starter.js\"><\/script><script type=\"text\/javascript\" src=\"https:\/\/www.samu.fi\/wp-content\/plugins\/skt-builder\/sktbuilder-wordpress-driver.js\"><\/script><script type=\"text\/javascript\"> var starter = new SktbuilderStarter({\"mode\": \"prod\", \"skip\":[\"jquery\",\"underscore\",\"backbone\"],\"sktbuilderUrl\": \"https:\/\/www.samu.fi\/wp-content\/plugins\/skt-builder\/sktbuilder\/\", \"driver\": new SktbuilderWordpressDriver({\"ajaxUrl\": \"https:\/\/www.samu.fi\/wp-admin\/admin-ajax.php\", \"iframeUrl\": \"https:\/\/www.samu.fi\/sv\/till-andringssokanden\/elektronisk-kommunikation\/?sktbuilder=true\", \"pageId\": 6104, \"pages\": [{\"title\":\"Ajankohtaista\",\"url\":\"https:\\\/\\\/www.samu.fi\\\/wp-admin\\\/post.php?post=283&action=sktbuilder\"},{\"title\":\"Etusivu\",\"url\":\"https:\\\/\\\/www.samu.fi\\\/wp-admin\\\/post.php?post=3881&action=sktbuilder\"},{\"title\":\"Muutoksenhakijalle\",\"url\":\"https:\\\/\\\/www.samu.fi\\\/wp-admin\\\/post.php?post=6056&action=sktbuilder\"}], \"page\": \"Elektronisk kommunikation\" }) });<\/script><!-- end sktbuilder starter -->","protected":false},"excerpt":{"rendered":"<p>Besv\u00e4rsn\u00e4mnden till\u00e4mpar lagen om elektronisk kommunikation i myndigheternas verksamhet. N\u00e4mnden kan via e-post eller p\u00e5 en skyddad blankett ta emot bifogade filer som har sparats i ett allm\u00e4nt f\u00f6rekommande format, till exempel .txt, .doc, .rtf, .html, .jpg, .png eller .pdf. Maximistorleken f\u00f6r bifogade filer \u00e4r 20 megabyte. Observera att besv\u00e4rsn\u00e4mndens e-postf\u00f6rbindelse \u00e4r oskyddad! Information som&hellip; <a class=\"continue\" href=\"https:\/\/www.samu.fi\/sv\/till-andringssokanden\/elektronisk-kommunikation\/\">Lue lis\u00e4\u00e4<span> Elektronisk kommunikation<\/span><\/a><\/p>\n","protected":false},"author":1,"featured_media":0,"parent":6109,"menu_order":1,"comment_status":"closed","ping_status":"closed","template":"templates\/page-fullwidth_template.php","meta":{"footnotes":""},"class_list":["post-6104","page","type-page","status-publish","hentry"],"_links":{"self":[{"href":"https:\/\/www.samu.fi\/sv\/wp-json\/wp\/v2\/pages\/6104","targetHints":{"allow":["GET"]}}],"collection":[{"href":"https:\/\/www.samu.fi\/sv\/wp-json\/wp\/v2\/pages"}],"about":[{"href":"https:\/\/www.samu.fi\/sv\/wp-json\/wp\/v2\/types\/page"}],"author":[{"embeddable":true,"href":"https:\/\/www.samu.fi\/sv\/wp-json\/wp\/v2\/users\/1"}],"replies":[{"embeddable":true,"href":"https:\/\/www.samu.fi\/sv\/wp-json\/wp\/v2\/comments?post=6104"}],"version-history":[{"count":1,"href":"https:\/\/www.samu.fi\/sv\/wp-json\/wp\/v2\/pages\/6104\/revisions"}],"predecessor-version":[{"id":6198,"href":"https:\/\/www.samu.fi\/sv\/wp-json\/wp\/v2\/pages\/6104\/revisions\/6198"}],"up":[{"embeddable":true,"href":"https:\/\/www.samu.fi\/sv\/wp-json\/wp\/v2\/pages\/6109"}],"wp:attachment":[{"href":"https:\/\/www.samu.fi\/sv\/wp-json\/wp\/v2\/media?parent=6104"}],"curies":[{"name":"wp","href":"https:\/\/api.w.org\/{rel}","templated":true}]}}