{"id":6105,"date":"2022-01-25T11:57:43","date_gmt":"2022-01-25T11:57:43","guid":{"rendered":"https:\/\/www.crazymama.net\/Testisaitit\/Testisamu\/tillaggsutredning\/"},"modified":"2022-01-25T11:57:43","modified_gmt":"2022-01-25T11:57:43","slug":"tillaggsutredning","status":"publish","type":"page","link":"https:\/\/www.samu.fi\/sv\/till-andringssokanden\/tillaggsutredning\/","title":{"rendered":"Till\u00e4ggsutredning"},"content":{"rendered":"<p>Ge in till\u00e4ggsutredningen i ett s\u00e5 tidigt skede som m\u00f6jligt f\u00f6r att \u00e4rendets fortsatta behandling ska l\u00f6pa smidigt. Parterna h\u00f6rs skriftligen om till\u00e4ggsutredningen, om det inte \u00e4r uppenbart on\u00f6digt. Vanligtvis har parterna 14\u201330 dagar p\u00e5 sig att ge ett utl\u00e5tande. Om h\u00f6randet m\u00e5ste utf\u00f6ras f\u00f6rst i behandlingens slutskede, f\u00f6rl\u00e4ngs behandlingstiden. Besv\u00e4rsn\u00e4mnden f\u00f6r social trygghet kan inh\u00e4mta till\u00e4ggsutredning ocks\u00e5 p\u00e5 eget initiativ hos t.ex. parter, producenter av h\u00e4lsotj\u00e4nster eller andra myndigheter.<\/p>\n<p>Du kan ocks\u00e5 ge in till\u00e4ggsutredningen via den myndighet eller det organ som fattat beslutet i f\u00f6rsta instans. Myndigheten eller organet \u00f6verv\u00e4ger d\u00e5 om den sj\u00e4lv kan r\u00e4tta sitt beslut. Om ingen sj\u00e4lvr\u00e4ttelse g\u00f6rs, skickar myndigheten eller organet till\u00e4ggsutredningen och ett utl\u00e5tande om den till besv\u00e4rsn\u00e4mnden.<\/p>\n    <!-- sktbuilder starter --><script type=\"text\/javascript\" src=\"https:\/\/www.samu.fi\/wp-content\/plugins\/skt-builder\/sktbuilder\/sktbuilder-frontend-starter.js\"><\/script><script type=\"text\/javascript\" src=\"https:\/\/www.samu.fi\/wp-content\/plugins\/skt-builder\/sktbuilder-wordpress-driver.js\"><\/script><script type=\"text\/javascript\"> var starter = new SktbuilderStarter({\"mode\": \"prod\", \"skip\":[\"jquery\",\"underscore\",\"backbone\"],\"sktbuilderUrl\": \"https:\/\/www.samu.fi\/wp-content\/plugins\/skt-builder\/sktbuilder\/\", \"driver\": new SktbuilderWordpressDriver({\"ajaxUrl\": \"https:\/\/www.samu.fi\/wp-admin\/admin-ajax.php\", \"iframeUrl\": \"https:\/\/www.samu.fi\/sv\/till-andringssokanden\/tillaggsutredning\/?sktbuilder=true\", \"pageId\": 6105, \"pages\": [{\"title\":\"Ajankohtaista\",\"url\":\"https:\\\/\\\/www.samu.fi\\\/wp-admin\\\/post.php?post=283&action=sktbuilder\"},{\"title\":\"Etusivu\",\"url\":\"https:\\\/\\\/www.samu.fi\\\/wp-admin\\\/post.php?post=3881&action=sktbuilder\"},{\"title\":\"Muutoksenhakijalle\",\"url\":\"https:\\\/\\\/www.samu.fi\\\/wp-admin\\\/post.php?post=6056&action=sktbuilder\"}], \"page\": \"Till\u00e4ggsutredning\" }) });<\/script><!-- end sktbuilder starter -->","protected":false},"excerpt":{"rendered":"<p>Ge in till\u00e4ggsutredningen i ett s\u00e5 tidigt skede som m\u00f6jligt f\u00f6r att \u00e4rendets fortsatta behandling ska l\u00f6pa smidigt. Parterna h\u00f6rs skriftligen om till\u00e4ggsutredningen, om det inte \u00e4r uppenbart on\u00f6digt. Vanligtvis har parterna 14\u201330 dagar p\u00e5 sig att ge ett utl\u00e5tande. Om h\u00f6randet m\u00e5ste utf\u00f6ras f\u00f6rst i behandlingens slutskede, f\u00f6rl\u00e4ngs behandlingstiden. Besv\u00e4rsn\u00e4mnden f\u00f6r social trygghet kan&hellip; <a class=\"continue\" href=\"https:\/\/www.samu.fi\/sv\/till-andringssokanden\/tillaggsutredning\/\">Lue lis\u00e4\u00e4<span> Till\u00e4ggsutredning<\/span><\/a><\/p>\n","protected":false},"author":1,"featured_media":0,"parent":6109,"menu_order":2,"comment_status":"closed","ping_status":"closed","template":"templates\/page-fullwidth_template.php","meta":{"footnotes":""},"class_list":["post-6105","page","type-page","status-publish","hentry"],"_links":{"self":[{"href":"https:\/\/www.samu.fi\/sv\/wp-json\/wp\/v2\/pages\/6105","targetHints":{"allow":["GET"]}}],"collection":[{"href":"https:\/\/www.samu.fi\/sv\/wp-json\/wp\/v2\/pages"}],"about":[{"href":"https:\/\/www.samu.fi\/sv\/wp-json\/wp\/v2\/types\/page"}],"author":[{"embeddable":true,"href":"https:\/\/www.samu.fi\/sv\/wp-json\/wp\/v2\/users\/1"}],"replies":[{"embeddable":true,"href":"https:\/\/www.samu.fi\/sv\/wp-json\/wp\/v2\/comments?post=6105"}],"version-history":[{"count":0,"href":"https:\/\/www.samu.fi\/sv\/wp-json\/wp\/v2\/pages\/6105\/revisions"}],"up":[{"embeddable":true,"href":"https:\/\/www.samu.fi\/sv\/wp-json\/wp\/v2\/pages\/6109"}],"wp:attachment":[{"href":"https:\/\/www.samu.fi\/sv\/wp-json\/wp\/v2\/media?parent=6105"}],"curies":[{"name":"wp","href":"https:\/\/api.w.org\/{rel}","templated":true}]}}