{"id":6107,"date":"2022-01-25T11:59:35","date_gmt":"2022-01-25T11:59:35","guid":{"rendered":"https:\/\/www.crazymama.net\/Testisaitit\/Testisamu\/rattegangskostnader\/"},"modified":"2022-01-25T11:59:35","modified_gmt":"2022-01-25T11:59:35","slug":"rattegangskostnader","status":"publish","type":"page","link":"https:\/\/www.samu.fi\/sv\/till-andringssokanden\/rattegangskostnader\/","title":{"rendered":"R\u00e4tteg\u00e5ngskostnader"},"content":{"rendered":"<p>Besv\u00e4rsn\u00e4mnden tar inte ut avgift f\u00f6r att behandla \u00e4renden. Kostnader f\u00f6r parterna kan uppkomma t.ex. i form av arvoden till ombud eller i och med att till\u00e4ggsutredning inh\u00e4mtas. F\u00f6rvaltningsprocesslagen till\u00e4mpas p\u00e5 ers\u00e4ttandet av kostnader. F\u00f6r att \u00e4ndringss\u00f6kandens r\u00e4tteg\u00e5ngskostnader ska kunna ers\u00e4ttas f\u00f6ruts\u00e4tts det att \u00e4ndringss\u00f6kanden innan behandlingen av \u00e4rendet i n\u00e4mnden har upph\u00f6rt uttryckligen yrkar p\u00e5 att motparten ska ers\u00e4tta dem. En ytterligare f\u00f6ruts\u00e4ttning \u00e4r att det med beaktande av avg\u00f6randet i \u00e4rendet \u00e4r osk\u00e4ligt att \u00e4ndringss\u00f6kanden sj\u00e4lv f\u00e5r b\u00e4ra r\u00e4tteg\u00e5ngskostnaderna.<\/p>\n<p>N\u00e4r det \u00f6verv\u00e4gs huruvida den myndighet eller det organ som fattat beslutet i f\u00f6rsta instans \u00e4r ers\u00e4ttningsskyldig beaktas s\u00e4rskilt huruvida s\u00f6kandet av \u00e4ndring har orsakats av ett fel som en myndighet har beg\u00e5tt eller huruvida sk\u00f6tseln av \u00e4rendet har kr\u00e4vt s\u00e4rskilt ing\u00e5ende f\u00f6rtrogenhet och k\u00e4nnedom om f\u00f6rs\u00e4kringslagstiftning. En enskild part \u00e5l\u00e4ggs i allm\u00e4nhet inte att ers\u00e4tta de r\u00e4tteg\u00e5ngskostnader som den myndighet eller det organ som fattat beslutet i f\u00f6rsta instans haft, om inte den enskilda parten har framf\u00f6rt ett uppenbart ogrundat yrkande.<\/p>\n<p>Behovet av \u00e5tg\u00e4rder som den \u00e4ndringss\u00f6kande har vidtagit bed\u00f6ms fr\u00e5n den \u00e4ndringss\u00f6kandes perspektiv och utifr\u00e5n de omst\u00e4ndigheter som var r\u00e5dande n\u00e4r besv\u00e4ren anf\u00f6rdes. S\u00e5 beh\u00f6ver man t.ex. vanligtvis inte anlita en juridiskt sakkunnig som bitr\u00e4de, om det i besv\u00e4ren huvudsakligen \u00e4r fr\u00e5ga om medicinsk bed\u00f6mning av den \u00e4ndringss\u00f6kandes h\u00e4lsotillst\u00e5nd. Den serviceprincip som ska till\u00e4mpas inom socialf\u00f6rs\u00e4kringen i allm\u00e4nhet \u00e4r \u00e4gnad att minska de n\u00f6dv\u00e4ndiga kostnaderna.<\/p>\n<p>Avg\u00f6randet betr\u00e4ffande r\u00e4tteg\u00e5ngskostnaderna meddelas i samband med det slutliga beslutet.<\/p>\n    <!-- sktbuilder starter --><script type=\"text\/javascript\" src=\"https:\/\/www.samu.fi\/wp-content\/plugins\/skt-builder\/sktbuilder\/sktbuilder-frontend-starter.js\"><\/script><script type=\"text\/javascript\" src=\"https:\/\/www.samu.fi\/wp-content\/plugins\/skt-builder\/sktbuilder-wordpress-driver.js\"><\/script><script type=\"text\/javascript\"> var starter = new SktbuilderStarter({\"mode\": \"prod\", \"skip\":[\"jquery\",\"underscore\",\"backbone\"],\"sktbuilderUrl\": \"https:\/\/www.samu.fi\/wp-content\/plugins\/skt-builder\/sktbuilder\/\", \"driver\": new SktbuilderWordpressDriver({\"ajaxUrl\": \"https:\/\/www.samu.fi\/wp-admin\/admin-ajax.php\", \"iframeUrl\": \"https:\/\/www.samu.fi\/sv\/till-andringssokanden\/rattegangskostnader\/?sktbuilder=true\", \"pageId\": 6107, \"pages\": [{\"title\":\"Ajankohtaista\",\"url\":\"https:\\\/\\\/www.samu.fi\\\/wp-admin\\\/post.php?post=283&action=sktbuilder\"},{\"title\":\"Etusivu\",\"url\":\"https:\\\/\\\/www.samu.fi\\\/wp-admin\\\/post.php?post=3881&action=sktbuilder\"},{\"title\":\"Muutoksenhakijalle\",\"url\":\"https:\\\/\\\/www.samu.fi\\\/wp-admin\\\/post.php?post=6056&action=sktbuilder\"}], \"page\": \"R\u00e4tteg\u00e5ngskostnader\" }) });<\/script><!-- end sktbuilder starter -->","protected":false},"excerpt":{"rendered":"<p>Besv\u00e4rsn\u00e4mnden tar inte ut avgift f\u00f6r att behandla \u00e4renden. Kostnader f\u00f6r parterna kan uppkomma t.ex. i form av arvoden till ombud eller i och med att till\u00e4ggsutredning inh\u00e4mtas. F\u00f6rvaltningsprocesslagen till\u00e4mpas p\u00e5 ers\u00e4ttandet av kostnader. F\u00f6r att \u00e4ndringss\u00f6kandens r\u00e4tteg\u00e5ngskostnader ska kunna ers\u00e4ttas f\u00f6ruts\u00e4tts det att \u00e4ndringss\u00f6kanden innan behandlingen av \u00e4rendet i n\u00e4mnden har upph\u00f6rt uttryckligen yrkar&hellip; <a class=\"continue\" href=\"https:\/\/www.samu.fi\/sv\/till-andringssokanden\/rattegangskostnader\/\">Lue lis\u00e4\u00e4<span> R\u00e4tteg\u00e5ngskostnader<\/span><\/a><\/p>\n","protected":false},"author":1,"featured_media":0,"parent":6109,"menu_order":4,"comment_status":"closed","ping_status":"closed","template":"templates\/page-fullwidth_template.php","meta":{"footnotes":""},"class_list":["post-6107","page","type-page","status-publish","hentry"],"_links":{"self":[{"href":"https:\/\/www.samu.fi\/sv\/wp-json\/wp\/v2\/pages\/6107","targetHints":{"allow":["GET"]}}],"collection":[{"href":"https:\/\/www.samu.fi\/sv\/wp-json\/wp\/v2\/pages"}],"about":[{"href":"https:\/\/www.samu.fi\/sv\/wp-json\/wp\/v2\/types\/page"}],"author":[{"embeddable":true,"href":"https:\/\/www.samu.fi\/sv\/wp-json\/wp\/v2\/users\/1"}],"replies":[{"embeddable":true,"href":"https:\/\/www.samu.fi\/sv\/wp-json\/wp\/v2\/comments?post=6107"}],"version-history":[{"count":0,"href":"https:\/\/www.samu.fi\/sv\/wp-json\/wp\/v2\/pages\/6107\/revisions"}],"up":[{"embeddable":true,"href":"https:\/\/www.samu.fi\/sv\/wp-json\/wp\/v2\/pages\/6109"}],"wp:attachment":[{"href":"https:\/\/www.samu.fi\/sv\/wp-json\/wp\/v2\/media?parent=6107"}],"curies":[{"name":"wp","href":"https:\/\/api.w.org\/{rel}","templated":true}]}}