{"id":6108,"date":"2022-01-25T12:00:25","date_gmt":"2022-01-25T12:00:25","guid":{"rendered":"https:\/\/www.crazymama.net\/Testisaitit\/Testisamu\/anforande-av-besvar-over-namndens-beslut\/"},"modified":"2022-01-25T12:00:25","modified_gmt":"2022-01-25T12:00:25","slug":"anforande-av-besvar-over-namndens-beslut","status":"publish","type":"page","link":"https:\/\/www.samu.fi\/sv\/till-andringssokanden\/anforande-av-besvar-over-namndens-beslut\/","title":{"rendered":"Anf\u00f6rande av besv\u00e4r \u00f6ver n\u00e4mndens beslut"},"content":{"rendered":"<p>Du f\u00e5r anf\u00f6ra besv\u00e4r \u00f6ver besv\u00e4rsn\u00e4mndens beslut hos f\u00f6rs\u00e4kringsdomstolen. Om du \u00e4r missn\u00f6jd med ett beslut som besv\u00e4rsn\u00e4mnden f\u00f6r social trygghet har fattat, f\u00f6lj d\u00e5 de anvisningar f\u00f6r s\u00f6kande av \u00e4ndring som har bifogats till beslutet.<\/p>\n    <!-- sktbuilder starter --><script type=\"text\/javascript\" src=\"https:\/\/www.samu.fi\/wp-content\/plugins\/skt-builder\/sktbuilder\/sktbuilder-frontend-starter.js\"><\/script><script type=\"text\/javascript\" src=\"https:\/\/www.samu.fi\/wp-content\/plugins\/skt-builder\/sktbuilder-wordpress-driver.js\"><\/script><script type=\"text\/javascript\"> var starter = new SktbuilderStarter({\"mode\": \"prod\", \"skip\":[\"jquery\",\"underscore\",\"backbone\"],\"sktbuilderUrl\": \"https:\/\/www.samu.fi\/wp-content\/plugins\/skt-builder\/sktbuilder\/\", \"driver\": new SktbuilderWordpressDriver({\"ajaxUrl\": \"https:\/\/www.samu.fi\/wp-admin\/admin-ajax.php\", \"iframeUrl\": \"https:\/\/www.samu.fi\/sv\/till-andringssokanden\/anforande-av-besvar-over-namndens-beslut\/?sktbuilder=true\", \"pageId\": 6108, \"pages\": [{\"title\":\"Ajankohtaista\",\"url\":\"https:\\\/\\\/www.samu.fi\\\/wp-admin\\\/post.php?post=283&action=sktbuilder\"},{\"title\":\"Etusivu\",\"url\":\"https:\\\/\\\/www.samu.fi\\\/wp-admin\\\/post.php?post=3881&action=sktbuilder\"},{\"title\":\"Muutoksenhakijalle\",\"url\":\"https:\\\/\\\/www.samu.fi\\\/wp-admin\\\/post.php?post=6056&action=sktbuilder\"}], \"page\": \"Anf\u00f6rande av besv\u00e4r \u00f6ver n\u00e4mndens beslut\" }) });<\/script><!-- end sktbuilder starter -->","protected":false},"excerpt":{"rendered":"<p>Du f\u00e5r anf\u00f6ra besv\u00e4r \u00f6ver besv\u00e4rsn\u00e4mndens beslut hos f\u00f6rs\u00e4kringsdomstolen. Om du \u00e4r missn\u00f6jd med ett beslut som besv\u00e4rsn\u00e4mnden f\u00f6r social trygghet har fattat, f\u00f6lj d\u00e5 de anvisningar f\u00f6r s\u00f6kande av \u00e4ndring som har bifogats till beslutet.<\/p>\n","protected":false},"author":1,"featured_media":0,"parent":6109,"menu_order":5,"comment_status":"closed","ping_status":"closed","template":"templates\/page-fullwidth_template.php","meta":{"footnotes":""},"class_list":["post-6108","page","type-page","status-publish","hentry"],"_links":{"self":[{"href":"https:\/\/www.samu.fi\/sv\/wp-json\/wp\/v2\/pages\/6108","targetHints":{"allow":["GET"]}}],"collection":[{"href":"https:\/\/www.samu.fi\/sv\/wp-json\/wp\/v2\/pages"}],"about":[{"href":"https:\/\/www.samu.fi\/sv\/wp-json\/wp\/v2\/types\/page"}],"author":[{"embeddable":true,"href":"https:\/\/www.samu.fi\/sv\/wp-json\/wp\/v2\/users\/1"}],"replies":[{"embeddable":true,"href":"https:\/\/www.samu.fi\/sv\/wp-json\/wp\/v2\/comments?post=6108"}],"version-history":[{"count":0,"href":"https:\/\/www.samu.fi\/sv\/wp-json\/wp\/v2\/pages\/6108\/revisions"}],"up":[{"embeddable":true,"href":"https:\/\/www.samu.fi\/sv\/wp-json\/wp\/v2\/pages\/6109"}],"wp:attachment":[{"href":"https:\/\/www.samu.fi\/sv\/wp-json\/wp\/v2\/media?parent=6108"}],"curies":[{"name":"wp","href":"https:\/\/api.w.org\/{rel}","templated":true}]}}