{"id":6109,"date":"2022-01-25T12:01:59","date_gmt":"2022-01-25T12:01:59","guid":{"rendered":"https:\/\/www.crazymama.net\/Testisaitit\/Testisamu\/till-andringssokanden\/"},"modified":"2022-01-26T12:28:01","modified_gmt":"2022-01-26T12:28:01","slug":"till-andringssokanden","status":"publish","type":"page","link":"https:\/\/www.samu.fi\/sv\/till-andringssokanden\/","title":{"rendered":"Till \u00e4ndringss\u00f6kanden"},"content":{"rendered":"<div class=\"skt-builder-block-wrapper skt-builder-home-section3-block skt-builder-home-section3-block-31\" style=\"background-color: #f6f6f6;  padding-bottom: 80px; padding-top: 110px; \">\n<div class=\"skt-builder-block-inner skt-builder-block-inner-31\" style=\"\">\n<div class=\"skt-builder-container\">\n<div class=\"skt-builder-block-title\" style=\"text-align: center; \">\n<h2 style=\"color: #444444; font-size: 25px; margin-bottom: 50px; text-align: center;\">Anvisningar f\u00f6r s\u00f6kande av \u00e4ndring<\/p>\n<div class=\"clear\"><\/div>\n<div class=\"titleborder\" style=\"float:center; border-color:#3dbad5;\"><\/div>\n<div class=\"clear\"><\/div>\n<\/h2><\/div>\n<div class=\"skt-builder-block-description\">\n<p class=\"ql-align-center\"><span style=\"color: rgb(0, 0, 0);\">Den myndighet eller det organ som fattat beslutet i f\u00f6rsta instans fogar till sitt beslut en besv\u00e4rsanvisning d\u00e4r det ber\u00e4ttas hur du kan s\u00f6ka \u00e4ndring, dvs. anf\u00f6ra besv\u00e4r. Anf\u00f6r besv\u00e4ren skriftligen och inom utsatt tid. Om du \u00e4r missn\u00f6jd med beslutet, f\u00f6lj d\u00e5 de anvisningar f\u00f6r s\u00f6kande av \u00e4ndring som har bifogats till det.<\/span><\/p>\n<p class=\"ql-align-center\"><\/p>\n<\/div>\n<div class=\"skt-builder-columns-row skt-builder-columns-row-3column\">\n<div class=\"skt-builder-column skt-builder-shape-column skt-builder-shape-column-33\">\n<style>                                \n                       .skt-builder-shape-column-33 .skt-builder-column-bg{background:#ffffff;}\n                       .skt-builder-shape-column-33 .skt-builder-column-bg:hover{background:#39b4ce;}\n                       .skt-builder-shape-column-33:hover .diamondshapeicon span,\n                       .skt-builder-shape-column-33:hover .skt-builder-shape-column-title,\n                       .skt-builder-shape-column-33:hover .skt-builder-shape-column-text{color:#ffffff !important;}\n                    <\/style>\n<div class=\"skt-builder-column-bg\"  style=\"padding:50px 15px;\" >\n                        <a href=\"https:\/\/www.samu.fi\/sv\/till-andringssokanden\/behandlingsskeden\/\"><\/p>\n<div class=\"skt-builder-column-inner\">\n<div class=\"diamondshapeicon\"><span class=\"glyphicon glyphicon-list-alt\" style=\"color:#222222;\"><\/span><\/div>\n<h4 class=\"skt-builder-shape-column-title\" style=\"color: #444444;\">Behandlingsskeden<\/h4>\n<div class=\"skt-builder-shape-column-text\" style=\"color: #7b7b7b;\">\n<p><\/p>\n<\/div><\/div>\n<p>                        <\/a>\n                     <\/div>\n<p><!-- skt-builder-column-bg -->\n\t\t\t\t\t<\/div>\n<div class=\"skt-builder-column skt-builder-shape-column skt-builder-shape-column-37\">\n<style>                                \n                       .skt-builder-shape-column-37 .skt-builder-column-bg{background:#ffffff;}\n                       .skt-builder-shape-column-37 .skt-builder-column-bg:hover{background:#39b4ce;}\n                       .skt-builder-shape-column-37:hover .diamondshapeicon span,\n                       .skt-builder-shape-column-37:hover .skt-builder-shape-column-title,\n                       .skt-builder-shape-column-37:hover .skt-builder-shape-column-text{color:#ffffff !important;}\n                    <\/style>\n<div class=\"skt-builder-column-bg\"  style=\"padding:50px 15px;\" >\n                        <a href=\"https:\/\/www.samu.fi\/sv\/till-andringssokanden\/elektronisk-kommunikation\/\"><\/p>\n<div class=\"skt-builder-column-inner\">\n<div class=\"diamondshapeicon\"><span class=\"fa fa-desktop\" style=\"color:#222222;\"><\/span><\/div>\n<h4 class=\"skt-builder-shape-column-title\" style=\"color: #444444;\">Elektronisk kommunikation<\/h4>\n<div class=\"skt-builder-shape-column-text\" style=\"color: #7b7b7b;\">\n<p><\/p>\n<\/div><\/div>\n<p>                        <\/a>\n                     <\/div>\n<p><!-- skt-builder-column-bg -->\n\t\t\t\t\t<\/div>\n<div class=\"skt-builder-column skt-builder-shape-column skt-builder-shape-column-40\">\n<style>                                \n                       .skt-builder-shape-column-40 .skt-builder-column-bg{background:#ffffff;}\n                       .skt-builder-shape-column-40 .skt-builder-column-bg:hover{background:#39b4ce;}\n                       .skt-builder-shape-column-40:hover .diamondshapeicon span,\n                       .skt-builder-shape-column-40:hover .skt-builder-shape-column-title,\n                       .skt-builder-shape-column-40:hover .skt-builder-shape-column-text{color:#ffffff !important;}\n                    <\/style>\n<div class=\"skt-builder-column-bg\"  style=\"padding:50px 15px;\" >\n                        <a href=\"https:\/\/www.samu.fi\/sv\/till-andringssokanden\/tillaggsutredning\/\"><\/p>\n<div class=\"skt-builder-column-inner\">\n<div class=\"diamondshapeicon\"><span class=\"glyphicon glyphicon-file\" style=\"color:#222222;\"><\/span><\/div>\n<h4 class=\"skt-builder-shape-column-title\" style=\"color: #444444;\">Till\u00e4ggsutredning<\/h4>\n<div class=\"skt-builder-shape-column-text\" style=\"color: #7b7b7b;\">\n<p><\/p>\n<\/div><\/div>\n<p>                        <\/a>\n                     <\/div>\n<p><!-- skt-builder-column-bg -->\n\t\t\t\t\t<\/div>\n<div class=\"skt-builder-column skt-builder-shape-column skt-builder-shape-column-43\">\n<style>                                \n                       .skt-builder-shape-column-43 .skt-builder-column-bg{background:#ffffff;}\n                       .skt-builder-shape-column-43 .skt-builder-column-bg:hover{background:#39b4ce;}\n                       .skt-builder-shape-column-43:hover .diamondshapeicon span,\n                       .skt-builder-shape-column-43:hover .skt-builder-shape-column-title,\n                       .skt-builder-shape-column-43:hover .skt-builder-shape-column-text{color:#ffffff !important;}\n                    <\/style>\n<div class=\"skt-builder-column-bg\"  style=\"padding:50px 15px;\" >\n                        <a href=\"https:\/\/www.samu.fi\/sv\/till-andringssokanden\/sjalvrattelse-hos-den-som-fattat-beslutet-i-forsta-instans\/\"><\/p>\n<div class=\"skt-builder-column-inner\">\n<div class=\"diamondshapeicon\"><span class=\"fa fa-edit\" style=\"color:#222222;\"><\/span><\/div>\n<h4 class=\"skt-builder-shape-column-title\" style=\"color: #444444;\">Sj\u00e4lvr\u00e4ttelse hos den som fattat beslutet i f\u00f6rsta instans<\/h4>\n<div class=\"skt-builder-shape-column-text\" style=\"color: #7b7b7b;\">\n<p><\/p>\n<\/div><\/div>\n<p>                        <\/a>\n                     <\/div>\n<p><!-- skt-builder-column-bg -->\n\t\t\t\t\t<\/div>\n<div class=\"skt-builder-column skt-builder-shape-column skt-builder-shape-column-46\">\n<style>                                \n                       .skt-builder-shape-column-46 .skt-builder-column-bg{background:#ffffff;}\n                       .skt-builder-shape-column-46 .skt-builder-column-bg:hover{background:#39b4ce;}\n                       .skt-builder-shape-column-46:hover .diamondshapeicon span,\n                       .skt-builder-shape-column-46:hover .skt-builder-shape-column-title,\n                       .skt-builder-shape-column-46:hover .skt-builder-shape-column-text{color:#ffffff !important;}\n                    <\/style>\n<div class=\"skt-builder-column-bg\"  style=\"padding:50px 15px;\" >\n                        <a href=\"https:\/\/www.samu.fi\/sv\/till-andringssokanden\/rattegangskostnader\/\"><\/p>\n<div class=\"skt-builder-column-inner\">\n<div class=\"diamondshapeicon\"><span class=\"fa fa-database\" style=\"color:#222222;\"><\/span><\/div>\n<h4 class=\"skt-builder-shape-column-title\" style=\"color: #444444;\">R\u00e4tteg\u00e5ngskostnader<\/h4>\n<div class=\"skt-builder-shape-column-text\" style=\"color: #7b7b7b;\">\n<p><\/p>\n<\/div><\/div>\n<p>                        <\/a>\n                     <\/div>\n<p><!-- skt-builder-column-bg -->\n\t\t\t\t\t<\/div>\n<div class=\"skt-builder-column skt-builder-shape-column skt-builder-shape-column-49\">\n<style>                                \n                       .skt-builder-shape-column-49 .skt-builder-column-bg{background:#ffffff;}\n                       .skt-builder-shape-column-49 .skt-builder-column-bg:hover{background:#39b4ce;}\n                       .skt-builder-shape-column-49:hover .diamondshapeicon span,\n                       .skt-builder-shape-column-49:hover .skt-builder-shape-column-title,\n                       .skt-builder-shape-column-49:hover .skt-builder-shape-column-text{color:#ffffff !important;}\n                    <\/style>\n<div class=\"skt-builder-column-bg\"  style=\"padding:50px 15px;\" >\n                        <a href=\"https:\/\/www.samu.fi\/sv\/till-andringssokanden\/anforande-av-besvar-over-namndens-beslut\/\"><\/p>\n<div class=\"skt-builder-column-inner\">\n<div class=\"diamondshapeicon\"><span class=\"fa fa-file-text-o\" style=\"color:#222222;\"><\/span><\/div>\n<h4 class=\"skt-builder-shape-column-title\" style=\"color: #444444;\">Anf\u00f6rande av besv\u00e4r \u00f6ver n\u00e4mndens beslut<\/h4>\n<div class=\"skt-builder-shape-column-text\" style=\"color: #7b7b7b;\">\n<p><\/p>\n<\/div><\/div>\n<p>                        <\/a>\n                     <\/div>\n<p><!-- skt-builder-column-bg -->\n\t\t\t\t\t<\/div>\n<\/p><\/div>\n<\/p><\/div>\n<\/p><\/div>\n<\/div>\n<p><script>\njQuery(document).ready(function() {\n    jQuery('p').each(function() {\n        var $this = jQuery(this);\n        if($this.html().replace(\/s|&nbsp;\/g, '').length == 0) {\n            $this.remove();\n        }\n    });\n});<\/p>\n<p>jQuery(document).ready(function() {\n    jQuery('p').each(function() {\n        var $this = jQuery(this);\n        if($this.html().replace(\/s|<br \/>\/g, '').length == 0) {\n            $this.remove();\n        }\n    });\n});\n<\/script><\/p>\n    <!-- sktbuilder starter --><script type=\"text\/javascript\" src=\"https:\/\/www.samu.fi\/wp-content\/plugins\/skt-builder\/sktbuilder\/sktbuilder-frontend-starter.js\"><\/script><script type=\"text\/javascript\" src=\"https:\/\/www.samu.fi\/wp-content\/plugins\/skt-builder\/sktbuilder-wordpress-driver.js\"><\/script><script type=\"text\/javascript\"> var starter = new SktbuilderStarter({\"mode\": \"prod\", \"skip\":[\"jquery\",\"underscore\",\"backbone\"],\"sktbuilderUrl\": \"https:\/\/www.samu.fi\/wp-content\/plugins\/skt-builder\/sktbuilder\/\", \"driver\": new SktbuilderWordpressDriver({\"ajaxUrl\": \"https:\/\/www.samu.fi\/wp-admin\/admin-ajax.php\", \"iframeUrl\": \"https:\/\/www.samu.fi\/sv\/till-andringssokanden\/?sktbuilder=true\", \"pageId\": 6109, \"pages\": [{\"title\":\"Ajankohtaista\",\"url\":\"https:\\\/\\\/www.samu.fi\\\/wp-admin\\\/post.php?post=283&action=sktbuilder\"},{\"title\":\"Etusivu\",\"url\":\"https:\\\/\\\/www.samu.fi\\\/wp-admin\\\/post.php?post=3881&action=sktbuilder\"},{\"title\":\"Muutoksenhakijalle\",\"url\":\"https:\\\/\\\/www.samu.fi\\\/wp-admin\\\/post.php?post=6056&action=sktbuilder\"}], \"page\": \"Till \u00e4ndringss\u00f6kanden\" }) });<\/script><!-- end sktbuilder starter -->","protected":false},"excerpt":{"rendered":"<p>Anvisningar f\u00f6r s\u00f6kande av \u00e4ndring Den myndighet eller det organ som fattat beslutet i f\u00f6rsta instans fogar till sitt beslut en besv\u00e4rsanvisning d\u00e4r det ber\u00e4ttas hur du kan s\u00f6ka \u00e4ndring, dvs. anf\u00f6ra besv\u00e4r. Anf\u00f6r besv\u00e4ren skriftligen och inom utsatt tid. Om du \u00e4r missn\u00f6jd med beslutet, f\u00f6lj d\u00e5 de anvisningar f\u00f6r s\u00f6kande av \u00e4ndring som&hellip; <a class=\"continue\" href=\"https:\/\/www.samu.fi\/sv\/till-andringssokanden\/\">Lue lis\u00e4\u00e4<span> Till \u00e4ndringss\u00f6kanden<\/span><\/a><\/p>\n","protected":false},"author":1,"featured_media":0,"parent":0,"menu_order":0,"comment_status":"closed","ping_status":"closed","template":"templates\/page-fullwidth_template.php","meta":{"footnotes":""},"class_list":["post-6109","page","type-page","status-publish","hentry"],"_links":{"self":[{"href":"https:\/\/www.samu.fi\/sv\/wp-json\/wp\/v2\/pages\/6109","targetHints":{"allow":["GET"]}}],"collection":[{"href":"https:\/\/www.samu.fi\/sv\/wp-json\/wp\/v2\/pages"}],"about":[{"href":"https:\/\/www.samu.fi\/sv\/wp-json\/wp\/v2\/types\/page"}],"author":[{"embeddable":true,"href":"https:\/\/www.samu.fi\/sv\/wp-json\/wp\/v2\/users\/1"}],"replies":[{"embeddable":true,"href":"https:\/\/www.samu.fi\/sv\/wp-json\/wp\/v2\/comments?post=6109"}],"version-history":[{"count":1,"href":"https:\/\/www.samu.fi\/sv\/wp-json\/wp\/v2\/pages\/6109\/revisions"}],"predecessor-version":[{"id":6155,"href":"https:\/\/www.samu.fi\/sv\/wp-json\/wp\/v2\/pages\/6109\/revisions\/6155"}],"wp:attachment":[{"href":"https:\/\/www.samu.fi\/sv\/wp-json\/wp\/v2\/media?parent=6109"}],"curies":[{"name":"wp","href":"https:\/\/api.w.org\/{rel}","templated":true}]}}