{"id":6197,"date":"2022-03-02T12:49:26","date_gmt":"2022-03-02T10:49:26","guid":{"rendered":"https:\/\/www.samu.fi\/tillganglighetsutlatande\/"},"modified":"2024-09-06T11:04:28","modified_gmt":"2024-09-06T09:04:28","slug":"tillganglighetsutlatande","status":"publish","type":"page","link":"https:\/\/www.samu.fi\/sv\/tillganglighetsutlatande\/","title":{"rendered":"Tillg\u00e4nglighetsutl\u00e5tande"},"content":{"rendered":"<p><strong>Tillg\u00e4nglighetsutl\u00e5tande f\u00f6r webbplatsen samu.fi<\/strong><\/p>\n<p><span lang=\"sv\">Uppr\u00e4ttad\u00a0 \u00a0 \u00a0 \u00a017.2.2022<br \/>\n<\/span><span lang=\"sv\">Uppdaterad\u00a0 \u00a0 6<\/span>.9.2024<\/p>\n<p>Det h\u00e4r tillg\u00e4nglighetsutl\u00e5tandet g\u00e4ller SAMU:s webbplats <a href=\"http:\/\/www.samu.fi\">www.samu.fi<\/a>.<\/p>\n<p><strong>Alternativa s\u00e4tt att sk\u00f6ta \u00e4renden<\/strong><\/p>\n<p>Om den information som du beh\u00f6ver inte finns p\u00e5 SAMU:s webbplats, kan du kontakta SAMU:s \u00a0kundbetj\u00e4ning tfn 0295 163 800 (telefonbetj\u00e4ning kl. 9.00\u201312.00 och 13.00\u201315.00) eller SAMU:s registratur per e-post p\u00e5 adressen kirjaamo(at)samu.fi.<\/p>\n<p><strong>Tillg\u00e4nglighetsbed\u00f6mning<\/strong><\/p>\n<p>En sj\u00e4lvbed\u00f6mning av webbplatsens tillg\u00e4nglighet har gjorts. SAMU:s webbplats baserar sig p\u00e5 plattformen WordPress. Webbplatsens uppbyggnad \u00e4r s\u00e5 enkel som m\u00f6jligt och dess tekniska tillg\u00e4nglighet \u00e4r god. P\u00e5 webbplatsen finns varken video- eller ljudfiler, och bilderna p\u00e5 webbplatsen inneh\u00e5ller inte signifikant information. M\u00e5let har varit att saker och ting ska presenteras p\u00e5 ett enkelt s\u00e4tt.<\/p>\n<p>P\u00e5 sidan <em>Besv\u00e4rsn\u00e4mnden\/Statistik och dokument<\/em> finns dokument i PDF-format vars tillg\u00e4nglighet \u00e4r d\u00e5lig. Att l\u00e4gga fram dem i n\u00e5got annat format \u00e4r \u00e4nd\u00e5 inte m\u00f6jligt, eller skulle inneb\u00e4ra en oproportionell b\u00f6rda. P\u00e5 sidan finns statistik \u00f6ver bl.a. behandlingstider under olika \u00e5r samt dokument som h\u00e4nf\u00f6r sig till SAMU:s resultatstyrning. Ocks\u00e5 SAMU:s verksamhetsber\u00e4ttelse publiceras \u00e5rligen p\u00e5 sidan.<\/p>\n<p>P\u00e5 sidan <em>R\u00e4ttsfall <\/em>\u00e4r det m\u00f6jligt att s\u00f6ka publicerade r\u00e4ttsfall med hj\u00e4lp av \u00e4mnesord och \u00e5rtal. Resultaten visas i textform p\u00e5 en sida f\u00f6r sig.<\/p>\n<p>En tj\u00e4nst som Valtori tillhandah\u00e5ller och som inneb\u00e4r att en skyddad blankett kan anv\u00e4ndas har integrerats i webbplatsen. Valtori har utarbetat <a href=\"https:\/\/www.samu.fi\/wp-content\/uploads\/2022\/02\/saavutettavuusseloste_turvasahkoposti-3.pdf\">tillg\u00e4nglighetsutl\u00e5tandet<\/a> f\u00f6r tj\u00e4nsten.<\/p>\n<p><strong>Tillsynsmyndighet<\/strong><\/p>\n<p>Om du uppt\u00e4cker tillg\u00e4nglighetsproblem p\u00e5 webbplatsen, ge d\u00e5 f\u00f6rst respons till oss som uppr\u00e4tth\u00e5ller webbplatsen. Det kan dr\u00f6ja 14 dagar innan du f\u00e5r svar. Om du inte \u00e4r n\u00f6jd med svaret eller om du inte f\u00e5r ett svar inom 14 dagar kan du g\u00f6ra en anm\u00e4lan till <a href=\"https:\/\/www.saavutettavuusvaatimukset.fi\/oikeutesi\/\">Regionf\u00f6rvaltningsverk<\/a><u>et i S\u00f6dra Finland<\/u>.\u00a0 P\u00e5 regionf\u00f6rvaltningsverkets webbplats ber\u00e4ttas det hur anm\u00e4lan g\u00f6rs och hur \u00e4rendet behandlas.<\/p>\n<h2><strong>\u00a0<\/strong><\/h2>\n<p><strong>Tillsynsmyndighetens kontaktuppgifter<\/strong><\/p>\n<p>Regionf\u00f6rvaltningsverket i S\u00f6dra Finland<br \/>\nEnheten f\u00f6r tillg\u00e4nglighetstillsyn<br \/>\ntillg\u00e4nglighetskrav.fi<br \/>\nwebbtillganglighet(at)rfv.fi<br \/>\ntelefonnummer (v\u00e4xel) 0295 016\u00a0000<\/p>\n    <!-- sktbuilder starter --><script type=\"text\/javascript\" src=\"https:\/\/www.samu.fi\/wp-content\/plugins\/skt-builder\/sktbuilder\/sktbuilder-frontend-starter.js\"><\/script><script type=\"text\/javascript\" src=\"https:\/\/www.samu.fi\/wp-content\/plugins\/skt-builder\/sktbuilder-wordpress-driver.js\"><\/script><script type=\"text\/javascript\"> var starter = new SktbuilderStarter({\"mode\": \"prod\", \"skip\":[\"jquery\",\"underscore\",\"backbone\"],\"sktbuilderUrl\": \"https:\/\/www.samu.fi\/wp-content\/plugins\/skt-builder\/sktbuilder\/\", \"driver\": new SktbuilderWordpressDriver({\"ajaxUrl\": \"https:\/\/www.samu.fi\/wp-admin\/admin-ajax.php\", \"iframeUrl\": \"https:\/\/www.samu.fi\/sv\/tillganglighetsutlatande\/?sktbuilder=true\", \"pageId\": 6197, \"pages\": [{\"title\":\"Ajankohtaista\",\"url\":\"https:\\\/\\\/www.samu.fi\\\/wp-admin\\\/post.php?post=283&action=sktbuilder\"},{\"title\":\"Etusivu\",\"url\":\"https:\\\/\\\/www.samu.fi\\\/wp-admin\\\/post.php?post=3881&action=sktbuilder\"},{\"title\":\"Muutoksenhakijalle\",\"url\":\"https:\\\/\\\/www.samu.fi\\\/wp-admin\\\/post.php?post=6056&action=sktbuilder\"}], \"page\": \"Tillg\u00e4nglighetsutl\u00e5tande\" }) });<\/script><!-- end sktbuilder starter -->","protected":false},"excerpt":{"rendered":"<p>Tillg\u00e4nglighetsutl\u00e5tande f\u00f6r webbplatsen samu.fi Uppr\u00e4ttad\u00a0 \u00a0 \u00a0 \u00a017.2.2022 Uppdaterad\u00a0 \u00a0 6.9.2024 Det h\u00e4r tillg\u00e4nglighetsutl\u00e5tandet g\u00e4ller SAMU:s webbplats www.samu.fi. Alternativa s\u00e4tt att sk\u00f6ta \u00e4renden Om den information som du beh\u00f6ver inte finns p\u00e5 SAMU:s webbplats, kan du kontakta SAMU:s \u00a0kundbetj\u00e4ning tfn 0295 163 800 (telefonbetj\u00e4ning kl. 9.00\u201312.00 och 13.00\u201315.00) eller SAMU:s registratur per e-post p\u00e5 adressen&hellip; <a class=\"continue\" href=\"https:\/\/www.samu.fi\/sv\/tillganglighetsutlatande\/\">Lue lis\u00e4\u00e4<span> Tillg\u00e4nglighetsutl\u00e5tande<\/span><\/a><\/p>\n","protected":false},"author":1,"featured_media":0,"parent":0,"menu_order":0,"comment_status":"closed","ping_status":"closed","template":"templates\/page-fullwidth_template.php","meta":{"footnotes":""},"class_list":["post-6197","page","type-page","status-publish","hentry"],"_links":{"self":[{"href":"https:\/\/www.samu.fi\/sv\/wp-json\/wp\/v2\/pages\/6197","targetHints":{"allow":["GET"]}}],"collection":[{"href":"https:\/\/www.samu.fi\/sv\/wp-json\/wp\/v2\/pages"}],"about":[{"href":"https:\/\/www.samu.fi\/sv\/wp-json\/wp\/v2\/types\/page"}],"author":[{"embeddable":true,"href":"https:\/\/www.samu.fi\/sv\/wp-json\/wp\/v2\/users\/1"}],"replies":[{"embeddable":true,"href":"https:\/\/www.samu.fi\/sv\/wp-json\/wp\/v2\/comments?post=6197"}],"version-history":[{"count":3,"href":"https:\/\/www.samu.fi\/sv\/wp-json\/wp\/v2\/pages\/6197\/revisions"}],"predecessor-version":[{"id":7659,"href":"https:\/\/www.samu.fi\/sv\/wp-json\/wp\/v2\/pages\/6197\/revisions\/7659"}],"wp:attachment":[{"href":"https:\/\/www.samu.fi\/sv\/wp-json\/wp\/v2\/media?parent=6197"}],"curies":[{"name":"wp","href":"https:\/\/api.w.org\/{rel}","templated":true}]}}